{"id":2015,"date":"2021-04-09T16:01:53","date_gmt":"2021-04-09T16:01:53","guid":{"rendered":"https:\/\/citred.be\/7th-art\/"},"modified":"2021-06-03T15:15:11","modified_gmt":"2021-06-03T15:15:11","slug":"7eme-art","status":"publish","type":"page","link":"https:\/\/citred.be\/fr\/projects\/7eme-art\/","title":{"rendered":"7\u00e8me Art"},"content":{"rendered":"<p>[vc_row padding_top_multiplier=\u00a0\u00bbcustom\u00a0\u00bb padding_bottom_multiplier=\u00a0\u00bbcustom\u00a0\u00bb padding_top=\u00a0\u00bb110px\u00a0\u00bb el_class=\u00a0\u00bbhome-projects title-project\u00a0\u00bb padding_bottom=\u00a0\u00bb5px\u00a0\u00bb][vc_column]<div class=\"grve-empty-space mobile-hide\" style=\"height: 60px;\"><\/div><h2 class=\"grve-element grve-title grve-align-center grve-h2 red-title\" style=\"\"><span>7\u00e8me Art<\/span><\/h2><h3 class=\"grve-element grve-title grve-align-center grve-h5 blue-font\" style=\"margin-bottom: 30px;\"><span>R\u00e9sidence , Tournai \u2013 Belgique<\/span><\/h3><div class=\"grve-element grve-image grey-line grve-align-center\" style=\"margin-bottom: 30px;\">  <div class=\"grve-image-wrapper\"><img width=\"1\" height=\"80\" src=\"https:\/\/citred.be\/wp-content\/uploads\/2020\/09\/line-grey-80.png\" class=\"attachment-full size-full\" alt=\"\" loading=\"lazy\" \/>   <\/div><\/div><div class=\"grve-element grve-carousel grve-layout-1 grve-with-gap\" style=\"\">  <div class=\"grve-carousel-wrapper\"><div class=\"grve-carousel-navigation grve-dark grve-navigation-1 grve-navigation-carousel\">\t<div class=\"grve-carousel-buttons\">\t\t<div class=\"grve-carousel-prev\">\t\t\t<i class=\"grve-icon-nav-left-small\"><\/i>\t\t<\/div>\t\t<div class=\"grve-carousel-next\">\t\t\t<i class=\"grve-icon-nav-right-small\"><\/i>\t\t<\/div>\t<\/div><\/div>    <div class=\"grve-carousel-element home-projects\" data-items=\"1\" data-items-tablet-landscape=\"1\" data-items-tablet-portrait=\"1\" data-items-mobile=\"1\" data-slider-autoplay=\"no\" data-slider-speed=\"5000\" data-slider-pause=\"no\" data-pagination-speed=\"400\" data-pagination=\"no\" data-slider-loop=\"yes\" data-gutter-size=\"15\"><div class=\"grve-carousel-item grve-hover-item grve-hover-style-none\">  <figure class=\"grve-image-hover\">    <div class=\"grve-hover-overlay grve-bg-light grve-opacity-0\"><\/div><div class=\"grve-media\"><img width=\"1024\" height=\"557\" src=\"https:\/\/citred.be\/wp-content\/uploads\/2021\/06\/121_Noda_exterior_Big_001V2-1024x557.jpg\" class=\"attachment-large size-large\" alt=\"\" loading=\"lazy\" srcset=\"https:\/\/citred.be\/wp-content\/uploads\/2021\/06\/121_Noda_exterior_Big_001V2-1024x557.jpg 1024w, https:\/\/citred.be\/wp-content\/uploads\/2021\/06\/121_Noda_exterior_Big_001V2-300x163.jpg 300w, https:\/\/citred.be\/wp-content\/uploads\/2021\/06\/121_Noda_exterior_Big_001V2-768x418.jpg 768w, https:\/\/citred.be\/wp-content\/uploads\/2021\/06\/121_Noda_exterior_Big_001V2.jpg 1190w\" sizes=\"(max-width: 1024px) 100vw, 1024px\" \/><\/div>  <\/figure><\/div><div class=\"grve-carousel-item grve-hover-item grve-hover-style-none\">  <figure class=\"grve-image-hover\">    <div class=\"grve-hover-overlay grve-bg-light grve-opacity-0\"><\/div><div class=\"grve-media\"><img width=\"1024\" height=\"557\" src=\"https:\/\/citred.be\/wp-content\/uploads\/2021\/06\/121_Noda_exterior_Big_002-1024x557.jpg\" class=\"attachment-large size-large\" alt=\"\" loading=\"lazy\" srcset=\"https:\/\/citred.be\/wp-content\/uploads\/2021\/06\/121_Noda_exterior_Big_002-1024x557.jpg 1024w, https:\/\/citred.be\/wp-content\/uploads\/2021\/06\/121_Noda_exterior_Big_002-300x163.jpg 300w, https:\/\/citred.be\/wp-content\/uploads\/2021\/06\/121_Noda_exterior_Big_002-768x418.jpg 768w, https:\/\/citred.be\/wp-content\/uploads\/2021\/06\/121_Noda_exterior_Big_002.jpg 1190w\" sizes=\"(max-width: 1024px) 100vw, 1024px\" \/><\/div>  <\/figure><\/div><div class=\"grve-carousel-item grve-hover-item grve-hover-style-none\">  <figure class=\"grve-image-hover\">    <div class=\"grve-hover-overlay grve-bg-light grve-opacity-0\"><\/div><div class=\"grve-media\"><img width=\"1024\" height=\"557\" src=\"https:\/\/citred.be\/wp-content\/uploads\/2021\/06\/119_Noda_exterior_Big_005-1024x557.jpg\" class=\"attachment-large size-large\" alt=\"\" loading=\"lazy\" srcset=\"https:\/\/citred.be\/wp-content\/uploads\/2021\/06\/119_Noda_exterior_Big_005-1024x557.jpg 1024w, https:\/\/citred.be\/wp-content\/uploads\/2021\/06\/119_Noda_exterior_Big_005-300x163.jpg 300w, https:\/\/citred.be\/wp-content\/uploads\/2021\/06\/119_Noda_exterior_Big_005-768x418.jpg 768w, https:\/\/citred.be\/wp-content\/uploads\/2021\/06\/119_Noda_exterior_Big_005.jpg 1190w\" sizes=\"(max-width: 1024px) 100vw, 1024px\" \/><\/div>  <\/figure><\/div><div class=\"grve-carousel-item grve-hover-item grve-hover-style-none\">  <figure class=\"grve-image-hover\">    <div class=\"grve-hover-overlay grve-bg-light grve-opacity-0\"><\/div><div class=\"grve-media\"><img width=\"1024\" height=\"557\" src=\"https:\/\/citred.be\/wp-content\/uploads\/2021\/06\/121_Noda_exterior_Big_003-1024x557.jpg\" class=\"attachment-large size-large\" alt=\"\" loading=\"lazy\" srcset=\"https:\/\/citred.be\/wp-content\/uploads\/2021\/06\/121_Noda_exterior_Big_003-1024x557.jpg 1024w, https:\/\/citred.be\/wp-content\/uploads\/2021\/06\/121_Noda_exterior_Big_003-300x163.jpg 300w, https:\/\/citred.be\/wp-content\/uploads\/2021\/06\/121_Noda_exterior_Big_003-768x418.jpg 768w, https:\/\/citred.be\/wp-content\/uploads\/2021\/06\/121_Noda_exterior_Big_003.jpg 1190w\" sizes=\"(max-width: 1024px) 100vw, 1024px\" \/><\/div>  <\/figure><\/div><div class=\"grve-carousel-item grve-hover-item grve-hover-style-none\">  <figure class=\"grve-image-hover\">    <div class=\"grve-hover-overlay grve-bg-light grve-opacity-0\"><\/div><div class=\"grve-media\"><img width=\"1024\" height=\"557\" src=\"https:\/\/citred.be\/wp-content\/uploads\/2021\/06\/121_Noda_exterior_Big_004-1-1024x557.jpg\" class=\"attachment-large size-large\" alt=\"\" loading=\"lazy\" srcset=\"https:\/\/citred.be\/wp-content\/uploads\/2021\/06\/121_Noda_exterior_Big_004-1-1024x557.jpg 1024w, https:\/\/citred.be\/wp-content\/uploads\/2021\/06\/121_Noda_exterior_Big_004-1-300x163.jpg 300w, https:\/\/citred.be\/wp-content\/uploads\/2021\/06\/121_Noda_exterior_Big_004-1-768x418.jpg 768w, https:\/\/citred.be\/wp-content\/uploads\/2021\/06\/121_Noda_exterior_Big_004-1.jpg 1190w\" sizes=\"(max-width: 1024px) 100vw, 1024px\" \/><\/div>  <\/figure><\/div>\t  <\/div>\t<\/div><\/div>[\/vc_column][\/vc_row][vc_row equal_column_height=\u00a0\u00bbmiddle-content\u00a0\u00bb el_class=\u00a0\u00bbsmall-shadow-custom picto-container\u00a0\u00bb margin_bottom=\u00a0\u00bb80px\u00a0\u00bb][vc_column width=\u00a0\u00bb3\/4&Prime; el_class=\u00a0\u00bbcustom-icons\u00a0\u00bb]<div class=\"grve-element grve-box-icon grve-extra-small grve-top-icon grve-align-center\" style=\"\"><div class=\"grve-image-icon\"><img width=\"60\" height=\"60\" src=\"https:\/\/citred.be\/wp-content\/uploads\/2020\/10\/CITRED_Historical_buildings.png\" class=\"attachment-full size-full\" alt=\"\" loading=\"lazy\" \/><\/div><div class=\"grve-box-content\"><div class=\"grve-box-title-wrapper\"><h5 class=\"grve-box-title grve-subtitle-text\">Quartier historique<\/h5><\/div><\/div><\/div><div class=\"grve-element grve-box-icon grve-extra-small grve-top-icon grve-align-center\" style=\"\"><div class=\"grve-image-icon\"><img width=\"60\" height=\"60\" src=\"https:\/\/citred.be\/wp-content\/uploads\/2021\/04\/icon-pool.png\" class=\"attachment-full size-full\" alt=\"\" loading=\"lazy\" \/><\/div><div class=\"grve-box-content\"><div class=\"grve-box-title-wrapper\"><h5 class=\"grve-box-title grve-subtitle-text\">Piscine naturelle<\/h5><\/div><\/div><\/div><div class=\"grve-element grve-box-icon grve-extra-small grve-top-icon grve-align-center\" style=\"\"><div class=\"grve-image-icon\"><img width=\"60\" height=\"60\" src=\"https:\/\/citred.be\/wp-content\/uploads\/2020\/10\/CITRED_Hearth_of_Brussels.png\" class=\"attachment-full size-full\" alt=\"\" loading=\"lazy\" \/><\/div><div class=\"grve-box-content\"><div class=\"grve-box-title-wrapper\"><h5 class=\"grve-box-title grve-subtitle-text\">Au coeur de Tournai<\/h5><\/div><\/div><\/div><div class=\"grve-element grve-box-icon grve-extra-small grve-top-icon grve-align-center\" style=\"\"><div class=\"grve-image-icon\"><img width=\"60\" height=\"60\" src=\"https:\/\/citred.be\/wp-content\/uploads\/2020\/10\/CITRED_Bicycle_Parking.png\" class=\"attachment-full size-full\" alt=\"\" loading=\"lazy\" \/><\/div><div class=\"grve-box-content\"><div class=\"grve-box-title-wrapper\"><h5 class=\"grve-box-title grve-subtitle-text\">Parking v\u00e9lo<\/h5><\/div><\/div><\/div><div class=\"grve-element grve-box-icon grve-extra-small grve-top-icon grve-align-center\" style=\"\"><div class=\"grve-image-icon\"><img width=\"60\" height=\"60\" src=\"https:\/\/citred.be\/wp-content\/uploads\/2020\/10\/CITRED_access_to_transports.png\" class=\"attachment-full size-full\" alt=\"\" loading=\"lazy\" \/><\/div><div class=\"grve-box-content\"><div class=\"grve-box-title-wrapper\"><h5 class=\"grve-box-title grve-subtitle-text\">Acc\u00e8s aux transports publics<\/h5><\/div><\/div><\/div>[\/vc_column][vc_column width=\u00a0\u00bb1\/4&Prime; mobile_width=\u00a0\u00bbhide\u00a0\u00bb el_class=\u00a0\u00bbwebsite-btn\u00a0\u00bb]<div class=\"grve-element grve-align-center custom-btn btn-small\"><a href=\"https:\/\/7art.be\/\" title=\"website\" target=\"_blank\" rel=\"noopener noreferrer\" class=\"grve-btn grve-btn-medium grve-extra-round grve-bg-primary-1 grve-bg-hover-primary-1\"><span>website<\/span><\/a><\/div>[\/vc_column][\/vc_row][vc_row padding_top_multiplier=\u00a0\u00bbcustom\u00a0\u00bb padding_bottom_multiplier=\u00a0\u00bbcustom\u00a0\u00bb desktop_visibility=\u00a0\u00bbhide\u00a0\u00bb tablet_visibility=\u00a0\u00bbhide\u00a0\u00bb tablet_sm_visibility=\u00a0\u00bbhide\u00a0\u00bb padding_bottom=\u00a0\u00bb70px\u00a0\u00bb padding_top=\u00a0\u00bb30px\u00a0\u00bb el_class=\u00a0\u00bbbtn-bkg-red\u00a0\u00bb][vc_column]<div class=\"grve-element grve-align-center custom-btn mobile-btn grve-fluid-button\"><a href=\"https:\/\/7art.be\/\" title=\"website\" target=\"_blank\" rel=\"noopener noreferrer\" class=\"grve-btn grve-btn-medium grve-extra-round grve-bg-primary-1 grve-bg-hover-primary-1\" style=\"max-width: 515px;\"><span>D\u00e9couvrez notre projet<\/span><\/a><\/div>[\/vc_column][\/vc_row][vc_row el_class=\u00a0\u00bbresidence\u00a0\u00bb][vc_column width=\u00a0\u00bb2\/3&Prime; css=\u00a0\u00bb.vc_custom_1601384973826{padding-right: 24% !important;}\u00a0\u00bb el_class=\u00a0\u00bbdescription\u00a0\u00bb]<h2 class=\"grve-element grve-title grve-align-left grve-animated-item grve-duration-normal grve-fade-in-left grve-h3 medium-title red-title\" style=\"\" data-delay=\"200\"><span>R\u00e9sidence dans le centre de Tournai<\/span><\/h2><div class=\"grve-empty-space space-title\" style=\"height: 50px;\"><\/div>[vc_column_text text_style=\u00a0\u00bbsubtitle\u00a0\u00bb]Situ\u00e9 \u00e0 l&rsquo;angle de la rue de l&rsquo;H\u00f4pital Notre-Dame et de la rue de l&rsquo;Arbal\u00e8te, \u00e0 deux pas de la Cath\u00e9drale, l\u2019ancien cin\u00e9ma Multiscope Palace c\u00e8de sa place au projet 7\u00e8me Art, une r\u00e9sidence de 48 appartements de une \u00e0 cinq chambres, dont quatre studios.<\/p>\n<p>Outre la diversit\u00e9 des typologies dont la superficie varie de 55 \u00e0 230m\u00b2, la particularit\u00e9 du projet r\u00e9side dans la cr\u00e9ation d&rsquo;un patio central avec une piscine naturelle, lieu de rencontre des futurs r\u00e9sidents. Tous les appartements seront \u00e9galement dot\u00e9s de larges terrasses.[\/vc_column_text]<div class=\"grve-element grve-divider custom-line\" style=\"padding-top: 30px;padding-bottom: 40px;\"><div class=\"grve-line-divider grve-border\"><\/div><\/div>[vc_column_text text_style=\u00a0\u00bbsubtitle\u00a0\u00bb]La r\u00e9sidence 7\u00e8me Art se situe dans l\u2019hyper centre de Tournai, \u00e0 proximit\u00e9 imm\u00e9diate des rues commer\u00e7antes, de l\u2019Escaut (100 m\u00e8tres), de la Cath\u00e9drale Notre Dame de Tournai (100 m\u00e8tres) et de la Grand-Place (300 m\u00e8tres). Le site est \u00e9galement bien desservi par les transports en commun, il se trouve \u00e0 moins d\u2019un kilom\u00e8tre de la gare de Tournai.<\/p>\n<p>Le projet 7\u00e8me Art inclura un parking en sous-sol comprenant 49 places pour voitures ainsi que de nombreuses places de stationnement pour v\u00e9los[\/vc_column_text]<div class=\"grve-empty-space space-btn\" style=\"height: 170px;\"><\/div><div class=\"grve-element grve-align-center custom-cta tab-port-none grve-fluid-button\"><a href=\"https:\/\/7art.be\/\" title=\"website\" target=\"_blank\" rel=\"noopener noreferrer\" class=\"grve-btn grve-btn-medium grve-extra-round grve-bg-primary-6 grve-bg-hover-primary-1\" style=\"max-width: 515px;\"><span>D\u00e9couvrez notre projet<\/span><\/a><\/div>[\/vc_column][vc_column width=\u00a0\u00bb1\/3&Prime; heading_color=\u00a0\u00bbprimary-2&Prime; shadow=\u00a0\u00bbsmall\u00a0\u00bb font_color=\u00a0\u00bb#2f2643&Prime; css=\u00a0\u00bb.vc_custom_1601387569382{padding-top: 55px !important;padding-right: 55px !important;padding-bottom: 55px !important;padding-left: 55px !important;}\u00a0\u00bb el_class=\u00a0\u00bbinfos\u00a0\u00bb]<h5 class=\"grve-element grve-title grve-align-left grve-subtitle-text\" style=\"\"><span>SUPERFICIE TOTALE DU PROJET<\/span><\/h5>[vc_column_text text_style=\u00a0\u00bbsubtitle\u00a0\u00bb]5.350m\u00b2[\/vc_column_text]<div class=\"grve-empty-space descript-empty\" style=\"height: 50px;\"><\/div><h5 class=\"grve-element grve-title grve-align-left grve-subtitle-text\" style=\"\"><span>NOMBRE D\u2019UNIT\u00c9S<\/span><\/h5>[vc_column_text text_style=\u00a0\u00bbsubtitle\u00a0\u00bb]48[\/vc_column_text]<div class=\"grve-empty-space descript-empty\" style=\"height: 50px;\"><\/div><h5 class=\"grve-element grve-title grve-align-left grve-subtitle-text\" style=\"\"><span>SURFACE DES LOGEMENTS<\/span><\/h5>[vc_column_text text_style=\u00a0\u00bbsubtitle\u00a0\u00bb]De 55 \u00e0 230m\u00b2[\/vc_column_text]<div class=\"grve-empty-space descript-empty\" style=\"height: 50px;\"><\/div><h5 class=\"grve-element grve-title grve-align-left grve-subtitle-text\" style=\"\"><span>ARCHITECTE<\/span><\/h5>[vc_column_text text_style=\u00a0\u00bbsubtitle\u00a0\u00bb]AUDE Architects[\/vc_column_text]<div class=\"grve-empty-space descript-empty\" style=\"height: 50px;\"><\/div><h5 class=\"grve-element grve-title grve-align-left grve-subtitle-text\" style=\"\"><span>D\u00c9LAI<\/span><\/h5>[vc_column_text text_style=\u00a0\u00bbsubtitle\u00a0\u00bb]D\u00e9but des travaux : 3\u00e8me trimestre 2021[\/vc_column_text]<div class=\"grve-empty-space space-location\" style=\"height: 300px;\"><\/div><h5 class=\"grve-element grve-title grve-align-left grve-subtitle-text\" style=\"\"><span>UN PROJET CIT RED<\/span><\/h5><div class=\"grve-empty-space space-location\" style=\"height: 300px;\"><\/div><h5 class=\"grve-element grve-title grve-align-left grve-subtitle-text red-font\" style=\"margin-bottom: 20px;\"><span>ADRESSE<\/span><\/h5>[vc_column_text text_style=\u00a0\u00bbsubtitle\u00a0\u00bb css=\u00a0\u00bb.vc_custom_1617986248425{margin-bottom: 30px !important;}\u00a0\u00bb]Angle de la rue de l&rsquo;H\u00f4pital Notre-Dame et de la rue de l&rsquo;Arbal\u00e8te \u00e0 Tournai[\/vc_column_text]<div class=\"grve-map-wrapper\"><div class=\"grve-element grve-map project-map\" data-lat=\"50.60769624395164\" data-lng=\"3.3899972928902917\" data-zoom=\"14\" data-disable-style=\"no\" style=\"height: 250px;\"><\/div>  <div style=\"display:none\" class=\"grve-map-point\" data-point-marker=\"\/\/citred.be\/wp-content\/themes\/movedo\/images\/markers\/markers.png\" data-point-lat=\"50.60769624395164\" data-point-lng=\"3.3899972928902917\" data-point-title=\"\" data-point-type=\"image\" data-point-marker-width=\"38\" data-point-marker-height=\"60\"><\/div><\/div>[\/vc_column][\/vc_row][vc_row bg_type=\u00a0\u00bbcolor\u00a0\u00bb padding_top_multiplier=\u00a0\u00bbcustom\u00a0\u00bb padding_bottom_multiplier=\u00a0\u00bbcustom\u00a0\u00bb desktop_visibility=\u00a0\u00bbhide\u00a0\u00bb tablet_visibility=\u00a0\u00bbhide\u00a0\u00bb tablet_sm_visibility=\u00a0\u00bbhide\u00a0\u00bb bg_color=\u00a0\u00bb#e51f2d\u00a0\u00bb padding_top=\u00a0\u00bb75px\u00a0\u00bb padding_bottom=\u00a0\u00bb105px\u00a0\u00bb el_class=\u00a0\u00bbbtn-bkg-red\u00a0\u00bb][vc_column]<div class=\"grve-element grve-align-center custom-btn mobile-btn white-btn grve-fluid-button\"><a href=\"https:\/\/7art.be\/\" title=\"website\" target=\"_blank\" rel=\"noopener noreferrer\" class=\"grve-btn grve-btn-medium grve-extra-round grve-bg-primary-1 grve-bg-hover-primary-1\" style=\"max-width: 515px;\"><span>D\u00e9couvrez notre projet<\/span><\/a><\/div>[\/vc_column][\/vc_row][vc_row padding_top_multiplier=\u00a0\u00bb\u00a0\u00bb padding_bottom_multiplier=\u00a0\u00bb2x\u00a0\u00bb el_class=\u00a0\u00bbnav-project\u00a0\u00bb][vc_column width=\u00a0\u00bb1\/2&Prime;]<div class=\"grve-element grve-box-icon grve-medium grve-side-icon grve-align-left\" style=\"\"><a href=\"\/fr\/projects\/am-park\/\" title=\"Am Park\"><div class=\"grve-wrapper-icon grve-no-shape\" style=\"\"><i class=\"grve-text-primary-1 fas fa-chevron-left\"><\/i><\/div><div class=\"grve-box-content\"><div class=\"grve-box-title-wrapper\"><div class=\"grve-box-title grve-h3\">Am Park<\/div><\/div><\/div><\/a><\/div>[\/vc_column][vc_column width=\u00a0\u00bb1\/2&Prime;]<div class=\"grve-element grve-box-icon grve-medium grve-side-icon grve-align-right\" style=\"\"><a href=\"\/fr\/projects\/rives-ardentes\/\" title=\"Rives Ardentes\"><div class=\"grve-wrapper-icon grve-no-shape\" style=\"\"><i class=\"grve-text-primary-1 fas fa-chevron-right\"><\/i><\/div><div class=\"grve-box-content\"><div class=\"grve-box-title-wrapper\"><div class=\"grve-box-title grve-h3\">Rives Ardentes<\/div><\/div><\/div><\/a><\/div>[\/vc_column][\/vc_row][vc_row heading_color=\u00a0\u00bblight\u00a0\u00bb bg_type=\u00a0\u00bbcolor\u00a0\u00bb equal_column_height=\u00a0\u00bbmiddle-content\u00a0\u00bb bg_color=\u00a0\u00bb#084790&Prime; font_color=\u00a0\u00bb#ffffff\u00a0\u00bb margin_bottom=\u00a0\u00bb0&Prime; el_class=\u00a0\u00bbblue-section\u00a0\u00bb][vc_column width=\u00a0\u00bb2\/3&Prime; css=\u00a0\u00bb.vc_custom_1601036711454{padding-right: 24% !important;}\u00a0\u00bb]<div class=\"grve-empty-space\" style=\"height: 50px;\"><\/div><h2 class=\"grve-element grve-title grve-align-left grve-h3\" style=\"\"><span>Vous \u00eates int\u00e9ress\u00e9s ?<\/span><\/h2><div class=\"grve-empty-space\" style=\"height: 20px;\"><\/div>[vc_column_text]Venez nous rencontrer ou laissez-nous un message.<br \/>\nNous nous ferons un plaisir de vous r\u00e9pondre dans les meilleurs d\u00e9lais.[\/vc_column_text]<div class=\"grve-empty-space\" style=\"height: 50px;\"><\/div>[\/vc_column][vc_column width=\u00a0\u00bb1\/3&Prime;]<div class=\"grve-element grve-align-center custom-btn blue mail btn-small\"><a href=\"mailto:jobs@citblaton.be\" class=\"grve-btn grve-btn-medium grve-extra-round grve-bg-primary-2 grve-bg-hover-primary-2\"><span>\u00c9crivez nous<\/span><\/a><\/div>[\/vc_column][\/vc_row]<\/p>\n","protected":false},"excerpt":{"rendered":"<p>[vc_row padding_top_multiplier=\u00a0\u00bbcustom\u00a0\u00bb padding_bottom_multiplier=\u00a0\u00bbcustom\u00a0\u00bb padding_top=\u00a0\u00bb110px\u00a0\u00bb el_class=\u00a0\u00bbhome-projects title-project\u00a0\u00bb padding_bottom=\u00a0\u00bb5px\u00a0\u00bb][vc_column][\/vc_column][\/vc_row][vc_row equal_column_height=\u00a0\u00bbmiddle-content\u00a0\u00bb el_class=\u00a0\u00bbsmall-shadow-custom picto-container\u00a0\u00bb margin_bottom=\u00a0\u00bb80px\u00a0\u00bb][vc_column width=\u00a0\u00bb3\/4&Prime; el_class=\u00a0\u00bbcustom-icons\u00a0\u00bb][\/vc_column][vc_column width=\u00a0\u00bb1\/4&Prime; mobile_width=\u00a0\u00bbhide\u00a0\u00bb el_class=\u00a0\u00bbwebsite-btn\u00a0\u00bb][\/vc_column][\/vc_row][vc_row padding_top_multiplier=\u00a0\u00bbcustom\u00a0\u00bb padding_bottom_multiplier=\u00a0\u00bbcustom\u00a0\u00bb desktop_visibility=\u00a0\u00bbhide\u00a0\u00bb tablet_visibility=\u00a0\u00bbhide\u00a0\u00bb tablet_sm_visibility=\u00a0\u00bbhide\u00a0\u00bb padding_bottom=\u00a0\u00bb70px\u00a0\u00bb padding_top=\u00a0\u00bb30px\u00a0\u00bb el_class=\u00a0\u00bbbtn-bkg-red\u00a0\u00bb][vc_column][\/vc_column][\/vc_row][vc_row el_class=\u00a0\u00bbresidence\u00a0\u00bb][vc_column width=\u00a0\u00bb2\/3&Prime; css=\u00a0\u00bb.vc_custom_1601384973826{padding-right: 24% !important;}\u00a0\u00bb el_class=\u00a0\u00bbdescription\u00a0\u00bb][vc_column_text text_style=\u00a0\u00bbsubtitle\u00a0\u00bb]Situ\u00e9 \u00e0 l&rsquo;angle de la rue de l&rsquo;H\u00f4pital Notre-Dame et de la rue de l&rsquo;Arbal\u00e8te, \u00e0 deux pas de la Cath\u00e9drale, l\u2019ancien cin\u00e9ma Multiscope Palace [&hellip;]<\/p>\n","protected":false},"author":5,"featured_media":0,"parent":1799,"menu_order":0,"comment_status":"closed","ping_status":"closed","template":"","meta":[],"yoast_head":"<!-- This site is optimized with the Yoast SEO plugin v16.0.2 - https:\/\/yoast.com\/wordpress\/plugins\/seo\/ -->\n<title>7\u00e8me Art - CIT RED<\/title>\n<link rel=\"canonical\" href=\"https:\/\/citred.be\/fr\/projects\/7eme-art\/\" \/>\n<meta property=\"og:locale\" content=\"fr_FR\" \/>\n<meta property=\"og:type\" content=\"article\" \/>\n<meta property=\"og:title\" content=\"7\u00e8me Art - CIT RED\" \/>\n<meta property=\"og:description\" content=\"[vc_row padding_top_multiplier=\u00a0\u00bbcustom\u00a0\u00bb padding_bottom_multiplier=\u00a0\u00bbcustom\u00a0\u00bb padding_top=\u00a0\u00bb110px\u00a0\u00bb el_class=\u00a0\u00bbhome-projects title-project\u00a0\u00bb padding_bottom=\u00a0\u00bb5px\u00a0\u00bb][vc_column][\/vc_column][\/vc_row][vc_row equal_column_height=\u00a0\u00bbmiddle-content\u00a0\u00bb el_class=\u00a0\u00bbsmall-shadow-custom picto-container\u00a0\u00bb margin_bottom=\u00a0\u00bb80px\u00a0\u00bb][vc_column width=\u00a0\u00bb3\/4&Prime; el_class=\u00a0\u00bbcustom-icons\u00a0\u00bb][\/vc_column][vc_column width=\u00a0\u00bb1\/4&Prime; mobile_width=\u00a0\u00bbhide\u00a0\u00bb el_class=\u00a0\u00bbwebsite-btn\u00a0\u00bb][\/vc_column][\/vc_row][vc_row padding_top_multiplier=\u00a0\u00bbcustom\u00a0\u00bb padding_bottom_multiplier=\u00a0\u00bbcustom\u00a0\u00bb desktop_visibility=\u00a0\u00bbhide\u00a0\u00bb tablet_visibility=\u00a0\u00bbhide\u00a0\u00bb tablet_sm_visibility=\u00a0\u00bbhide\u00a0\u00bb padding_bottom=\u00a0\u00bb70px\u00a0\u00bb padding_top=\u00a0\u00bb30px\u00a0\u00bb el_class=\u00a0\u00bbbtn-bkg-red\u00a0\u00bb][vc_column][\/vc_column][\/vc_row][vc_row el_class=\u00a0\u00bbresidence\u00a0\u00bb][vc_column width=\u00a0\u00bb2\/3&Prime; css=\u00a0\u00bb.vc_custom_1601384973826{padding-right: 24% !important;}\u00a0\u00bb el_class=\u00a0\u00bbdescription\u00a0\u00bb][vc_column_text text_style=\u00a0\u00bbsubtitle\u00a0\u00bb]Situ\u00e9 \u00e0 l&rsquo;angle de la rue de l&rsquo;H\u00f4pital Notre-Dame et de la rue de l&rsquo;Arbal\u00e8te, \u00e0 deux pas de la Cath\u00e9drale, l\u2019ancien cin\u00e9ma Multiscope Palace [&hellip;]\" \/>\n<meta property=\"og:url\" content=\"https:\/\/citred.be\/fr\/projects\/7eme-art\/\" \/>\n<meta property=\"og:site_name\" content=\"CIT RED\" \/>\n<meta property=\"article:modified_time\" content=\"2021-06-03T15:15:11+00:00\" \/>\n<meta name=\"twitter:card\" content=\"summary_large_image\" \/>\n<meta name=\"twitter:label1\" content=\"Dur\u00e9e de lecture est.\">\n\t<meta name=\"twitter:data1\" content=\"3 minutes\">\n<script type=\"application\/ld+json\" class=\"yoast-schema-graph\">{\"@context\":\"https:\/\/schema.org\",\"@graph\":[{\"@type\":\"WebSite\",\"@id\":\"https:\/\/citred.be\/#website\",\"url\":\"https:\/\/citred.be\/\",\"name\":\"CIT RED\",\"description\":\"\",\"potentialAction\":[{\"@type\":\"SearchAction\",\"target\":\"https:\/\/citred.be\/?s={search_term_string}\",\"query-input\":\"required name=search_term_string\"}],\"inLanguage\":\"fr-FR\"},{\"@type\":\"WebPage\",\"@id\":\"https:\/\/citred.be\/fr\/projects\/7eme-art\/#webpage\",\"url\":\"https:\/\/citred.be\/fr\/projects\/7eme-art\/\",\"name\":\"7\\u00e8me Art - CIT RED\",\"isPartOf\":{\"@id\":\"https:\/\/citred.be\/#website\"},\"datePublished\":\"2021-04-09T16:01:53+00:00\",\"dateModified\":\"2021-06-03T15:15:11+00:00\",\"breadcrumb\":{\"@id\":\"https:\/\/citred.be\/fr\/projects\/7eme-art\/#breadcrumb\"},\"inLanguage\":\"fr-FR\",\"potentialAction\":[{\"@type\":\"ReadAction\",\"target\":[\"https:\/\/citred.be\/fr\/projects\/7eme-art\/\"]}]},{\"@type\":\"BreadcrumbList\",\"@id\":\"https:\/\/citred.be\/fr\/projects\/7eme-art\/#breadcrumb\",\"itemListElement\":[{\"@type\":\"ListItem\",\"position\":1,\"item\":{\"@type\":\"WebPage\",\"@id\":\"https:\/\/citred.be\/fr\/\",\"url\":\"https:\/\/citred.be\/fr\/\",\"name\":\"Home\"}},{\"@type\":\"ListItem\",\"position\":2,\"item\":{\"@type\":\"WebPage\",\"@id\":\"https:\/\/citred.be\/fr\/projects\/\",\"url\":\"https:\/\/citred.be\/fr\/projects\/\",\"name\":\"Projets\"}},{\"@type\":\"ListItem\",\"position\":3,\"item\":{\"@type\":\"WebPage\",\"@id\":\"https:\/\/citred.be\/fr\/projects\/7eme-art\/\",\"url\":\"https:\/\/citred.be\/fr\/projects\/7eme-art\/\",\"name\":\"7\\u00e8me Art\"}}]}]}<\/script>\n<!-- \/ Yoast SEO plugin. -->","_links":{"self":[{"href":"https:\/\/citred.be\/fr\/wp-json\/wp\/v2\/pages\/2015"}],"collection":[{"href":"https:\/\/citred.be\/fr\/wp-json\/wp\/v2\/pages"}],"about":[{"href":"https:\/\/citred.be\/fr\/wp-json\/wp\/v2\/types\/page"}],"author":[{"embeddable":true,"href":"https:\/\/citred.be\/fr\/wp-json\/wp\/v2\/users\/5"}],"replies":[{"embeddable":true,"href":"https:\/\/citred.be\/fr\/wp-json\/wp\/v2\/comments?post=2015"}],"version-history":[{"count":12,"href":"https:\/\/citred.be\/fr\/wp-json\/wp\/v2\/pages\/2015\/revisions"}],"predecessor-version":[{"id":2096,"href":"https:\/\/citred.be\/fr\/wp-json\/wp\/v2\/pages\/2015\/revisions\/2096"}],"up":[{"embeddable":true,"href":"https:\/\/citred.be\/fr\/wp-json\/wp\/v2\/pages\/1799"}],"wp:attachment":[{"href":"https:\/\/citred.be\/fr\/wp-json\/wp\/v2\/media?parent=2015"}],"curies":[{"name":"wp","href":"https:\/\/api.w.org\/{rel}","templated":true}]}}