{"id":1799,"date":"2020-09-24T13:03:31","date_gmt":"2020-09-24T13:03:31","guid":{"rendered":"https:\/\/citred.iloworks.be\/projects\/"},"modified":"2021-05-28T13:09:06","modified_gmt":"2021-05-28T13:09:06","slug":"projects","status":"publish","type":"page","link":"https:\/\/citred.be\/fr\/projects\/","title":{"rendered":"Projets"},"content":{"rendered":"<p>[vc_row padding_top_multiplier=\u00a0\u00bbcustom\u00a0\u00bb padding_bottom_multiplier=\u00a0\u00bbcustom\u00a0\u00bb padding_top=\u00a0\u00bb110px\u00a0\u00bb padding_bottom=\u00a0\u00bb5px\u00a0\u00bb el_class=\u00a0\u00bbhome-projects title-project\u00a0\u00bb][vc_column]<div class=\"grve-empty-space mobile-hide\" style=\"height: 60px;\"><\/div><h2 class=\"grve-element grve-title grve-align-center grve-animated-item grve-duration-normal grve-fade-in-left grve-h2 red-title\" style=\"\" data-delay=\"100\"><span>D\u00e9couvrez nos projets phares.<\/span><\/h2><h3 class=\"grve-element grve-title grve-align-center grve-animated-item grve-duration-normal grve-fade-in-left grve-h5 blue-font\" style=\"margin-bottom: 60px;\" data-delay=\"100\"><span>Trouver la prochaine propri\u00e9t\u00e9 de vos r\u00eaves.<\/span><\/h3>[\/vc_column][\/vc_row][vc_row padding_top_multiplier=\u00a0\u00bbcustom\u00a0\u00bb padding_bottom_multiplier=\u00a0\u00bb\u00a0\u00bb columns_gap=\u00a0\u00bb10&Prime; margin_bottom=\u00a0\u00bb0&Prime; el_class=\u00a0\u00bbprojects\u00a0\u00bb padding_top=\u00a0\u00bb10px\u00a0\u00bb][vc_column width=\u00a0\u00bb1\/2&Prime;]<div class=\"grve-element grve-image grve-hover-item grve-hover-style-2 grve-full-image\" style=\"\">  <div class=\"grve-image-wrapper\"><figure class=\"grve-image-hover grve-media grve-zoom-none\"><a href=\"\/fr\/projects\/7eme-art\/\" title=\"7\u00e8me Art\" class=\"grve-item-url\"><\/a><div class=\"grve-bg-primary-1 grve-hover-overlay  grve-opacity-100\"><\/div><img width=\"1555\" height=\"1037\" src=\"https:\/\/citred.be\/wp-content\/uploads\/2021\/05\/121_Noda_exterior_Big_001V2-2.jpg\" class=\"\" alt=\"\" loading=\"lazy\" srcset=\"https:\/\/citred.be\/wp-content\/uploads\/2021\/05\/121_Noda_exterior_Big_001V2-2.jpg 1555w, https:\/\/citred.be\/wp-content\/uploads\/2021\/05\/121_Noda_exterior_Big_001V2-2-300x200.jpg 300w, https:\/\/citred.be\/wp-content\/uploads\/2021\/05\/121_Noda_exterior_Big_001V2-2-1024x683.jpg 1024w, https:\/\/citred.be\/wp-content\/uploads\/2021\/05\/121_Noda_exterior_Big_001V2-2-768x512.jpg 768w, https:\/\/citred.be\/wp-content\/uploads\/2021\/05\/121_Noda_exterior_Big_001V2-2-1536x1024.jpg 1536w\" sizes=\"(max-width: 1555px) 100vw, 1555px\" \/><figcaption class=\"grve-content grve-align-center\"><h2 class=\"grve-title grve-h2 grve-text-white\">7\u00e8me Art<\/h2><div class=\"grve-line grve-text-white\"><span><\/span><\/div><span class=\"grve-description grve-link-text grve-text-white\">R\u00e9sidence, Tournai \u2014 Belgique<\/span><\/figcaption><\/figure>   <\/div><\/div>[\/vc_column][vc_column width=\u00a0\u00bb1\/2&Prime;]<div class=\"grve-element grve-image grve-hover-item grve-hover-style-2 grve-full-image\" style=\"\">  <div class=\"grve-image-wrapper\"><figure class=\"grve-image-hover grve-media grve-zoom-none\"><a href=\"\/fr\/projects\/rives-ardentes\/\" title=\"Rives Ardentes\" class=\"grve-item-url\"><\/a><div class=\"grve-bg-primary-1 grve-hover-overlay  grve-opacity-100\"><\/div><img width=\"1500\" height=\"904\" src=\"https:\/\/citred.be\/wp-content\/uploads\/2020\/10\/7730_neolegia_neolegia_rives_ardentes_exterior_masterplan_category_03_version_c_1500x904.jpg\" class=\"\" alt=\"\" loading=\"lazy\" srcset=\"https:\/\/citred.be\/wp-content\/uploads\/2020\/10\/7730_neolegia_neolegia_rives_ardentes_exterior_masterplan_category_03_version_c_1500x904.jpg 1500w, https:\/\/citred.be\/wp-content\/uploads\/2020\/10\/7730_neolegia_neolegia_rives_ardentes_exterior_masterplan_category_03_version_c_1500x904-300x181.jpg 300w, https:\/\/citred.be\/wp-content\/uploads\/2020\/10\/7730_neolegia_neolegia_rives_ardentes_exterior_masterplan_category_03_version_c_1500x904-1024x617.jpg 1024w, https:\/\/citred.be\/wp-content\/uploads\/2020\/10\/7730_neolegia_neolegia_rives_ardentes_exterior_masterplan_category_03_version_c_1500x904-768x463.jpg 768w\" sizes=\"(max-width: 1500px) 100vw, 1500px\" \/><figcaption class=\"grve-content grve-align-center\"><h2 class=\"grve-title grve-h2 grve-text-white\">Rives Ardentes<\/h2><div class=\"grve-line grve-text-white\"><span><\/span><\/div><span class=\"grve-description grve-link-text grve-text-white\">Quai de Wallonie, Li\u00e8ge \u2014 Belgique<\/span><\/figcaption><\/figure>   <\/div><\/div>[\/vc_column][\/vc_row][vc_row padding_top_multiplier=\u00a0\u00bbcustom\u00a0\u00bb padding_bottom_multiplier=\u00a0\u00bb\u00a0\u00bb columns_gap=\u00a0\u00bb10&Prime; margin_bottom=\u00a0\u00bb0&Prime; el_class=\u00a0\u00bbprojects\u00a0\u00bb padding_top=\u00a0\u00bb10px\u00a0\u00bb][vc_column width=\u00a0\u00bb1\/2&Prime;]<div class=\"grve-element grve-image grve-hover-item grve-hover-style-2 grve-full-image\" style=\"\">  <div class=\"grve-image-wrapper\"><figure class=\"grve-image-hover grve-media grve-zoom-none\"><a href=\"\/fr\/projects\/am-park\/\" title=\"Am Park\" class=\"grve-item-url\"><\/a><div class=\"grve-bg-primary-1 grve-hover-overlay  grve-opacity-100\"><\/div><img width=\"1500\" height=\"904\" src=\"https:\/\/citred.be\/wp-content\/uploads\/2020\/11\/020_CIT_RED_image_page_projet.jpg\" class=\"\" alt=\"\" loading=\"lazy\" srcset=\"https:\/\/citred.be\/wp-content\/uploads\/2020\/11\/020_CIT_RED_image_page_projet.jpg 1500w, https:\/\/citred.be\/wp-content\/uploads\/2020\/11\/020_CIT_RED_image_page_projet-300x181.jpg 300w, https:\/\/citred.be\/wp-content\/uploads\/2020\/11\/020_CIT_RED_image_page_projet-1024x617.jpg 1024w, https:\/\/citred.be\/wp-content\/uploads\/2020\/11\/020_CIT_RED_image_page_projet-768x463.jpg 768w\" sizes=\"(max-width: 1500px) 100vw, 1500px\" \/><figcaption class=\"grve-content grve-align-center\"><h2 class=\"grve-title grve-h2 grve-text-white\">Am Park<\/h2><div class=\"grve-line grve-text-white\"><span><\/span><\/div><span class=\"grve-description grve-link-text grve-text-white\">R\u00e9sidence pour seniors, Berdorf \u2014 Luxembourg<\/span><\/figcaption><\/figure>   <\/div><\/div>[\/vc_column][vc_column width=\u00a0\u00bb1\/2&Prime;]<div class=\"grve-element grve-image grve-hover-item grve-hover-style-2 grve-full-image\" style=\"\">  <div class=\"grve-image-wrapper\"><figure class=\"grve-image-hover grve-media grve-zoom-none\"><a href=\"\/fr\/projects\/marivo\/\" title=\"Mariv\u00f4\" class=\"grve-item-url\"><\/a><div class=\"grve-bg-primary-1 grve-hover-overlay  grve-opacity-100\"><\/div><img width=\"1500\" height=\"904\" src=\"https:\/\/citred.be\/wp-content\/uploads\/2020\/11\/020_CIT_RED_image_page_projet2.jpg\" class=\"\" alt=\"\" loading=\"lazy\" srcset=\"https:\/\/citred.be\/wp-content\/uploads\/2020\/11\/020_CIT_RED_image_page_projet2.jpg 1500w, https:\/\/citred.be\/wp-content\/uploads\/2020\/11\/020_CIT_RED_image_page_projet2-300x181.jpg 300w, https:\/\/citred.be\/wp-content\/uploads\/2020\/11\/020_CIT_RED_image_page_projet2-1024x617.jpg 1024w, https:\/\/citred.be\/wp-content\/uploads\/2020\/11\/020_CIT_RED_image_page_projet2-768x463.jpg 768w\" sizes=\"(max-width: 1500px) 100vw, 1500px\" \/><figcaption class=\"grve-content grve-align-center\"><h2 class=\"grve-title grve-h2 grve-text-white\">Mariv\u00f4<\/h2><div class=\"grve-line grve-text-white\"><span><\/span><\/div><span class=\"grve-description grve-link-text grve-text-white\">R\u00e9sidence pour \u00e9tudiants, Bruxelles - Belgique<\/span><\/figcaption><\/figure>   <\/div><\/div>[\/vc_column][\/vc_row][vc_row padding_top_multiplier=\u00a0\u00bbcustom\u00a0\u00bb padding_bottom_multiplier=\u00a0\u00bb\u00a0\u00bb columns_gap=\u00a0\u00bb10&Prime; el_class=\u00a0\u00bbprojects\u00a0\u00bb padding_top=\u00a0\u00bb10px\u00a0\u00bb margin_bottom=\u00a0\u00bb0&Prime;][vc_column width=\u00a0\u00bb1\/2&Prime;]<div class=\"grve-element grve-image grve-hover-item grve-hover-style-2 grve-full-image\" style=\"\">  <div class=\"grve-image-wrapper\"><figure class=\"grve-image-hover grve-media grve-zoom-none\"><a href=\"\/fr\/projects\/zenobe-gramme\/\" title=\"Zenobe Gramme\" class=\"grve-item-url\"><\/a><div class=\"grve-bg-primary-1 grve-hover-overlay  grve-opacity-100\"><\/div><img width=\"1500\" height=\"904\" src=\"https:\/\/citred.be\/wp-content\/uploads\/2020\/11\/020_CIT_RED_image_page_projet3.jpg\" class=\"\" alt=\"\" loading=\"lazy\" srcset=\"https:\/\/citred.be\/wp-content\/uploads\/2020\/11\/020_CIT_RED_image_page_projet3.jpg 1500w, https:\/\/citred.be\/wp-content\/uploads\/2020\/11\/020_CIT_RED_image_page_projet3-300x181.jpg 300w, https:\/\/citred.be\/wp-content\/uploads\/2020\/11\/020_CIT_RED_image_page_projet3-1024x617.jpg 1024w, https:\/\/citred.be\/wp-content\/uploads\/2020\/11\/020_CIT_RED_image_page_projet3-768x463.jpg 768w\" sizes=\"(max-width: 1500px) 100vw, 1500px\" \/><figcaption class=\"grve-content grve-align-center\"><h2 class=\"grve-title grve-h2 grve-text-white\">Zenobe Gramme<\/h2><div class=\"grve-line grve-text-white\"><span><\/span><\/div><span class=\"grve-description grve-link-text grve-text-white\">D\u00e9veloppement r\u00e9sidentiel, Schaerbeek - Belgique<\/span><\/figcaption><\/figure>   <\/div><\/div>[\/vc_column][vc_column width=\u00a0\u00bb1\/2&Prime; mobile_width=\u00a0\u00bb1&Prime;]<div class=\"grve-element grve-image grve-hover-item grve-hover-style-2 grve-full-image\" style=\"\">  <div class=\"grve-image-wrapper\"><figure class=\"grve-image-hover grve-media grve-zoom-none\"><a href=\"\/fr\/marco-polo\/\" title=\"Marco Polo\" class=\"grve-item-url\"><\/a><div class=\"grve-bg-primary-1 grve-hover-overlay  grve-opacity-100\"><\/div><img width=\"1500\" height=\"904\" src=\"https:\/\/citred.be\/wp-content\/uploads\/2020\/10\/marcopolo-1500x904-1.jpg\" class=\"\" alt=\"\" loading=\"lazy\" srcset=\"https:\/\/citred.be\/wp-content\/uploads\/2020\/10\/marcopolo-1500x904-1.jpg 1500w, https:\/\/citred.be\/wp-content\/uploads\/2020\/10\/marcopolo-1500x904-1-300x181.jpg 300w, https:\/\/citred.be\/wp-content\/uploads\/2020\/10\/marcopolo-1500x904-1-1024x617.jpg 1024w, https:\/\/citred.be\/wp-content\/uploads\/2020\/10\/marcopolo-1500x904-1-768x463.jpg 768w\" sizes=\"(max-width: 1500px) 100vw, 1500px\" \/><figcaption class=\"grve-content grve-align-center\"><h2 class=\"grve-title grve-h2 grve-text-white\">Marco Polo<\/h2><div class=\"grve-line grve-text-white\"><span><\/span><\/div><span class=\"grve-description grve-link-text grve-text-white\">Centre commercial et d\u00e9veloppement r\u00e9sidentiel, Esch-sur-Alzette \u2014 Luxembourg<\/span><\/figcaption><\/figure>   <\/div><\/div>[\/vc_column][\/vc_row][vc_row padding_top_multiplier=\u00a0\u00bbcustom\u00a0\u00bb padding_bottom_multiplier=\u00a0\u00bb2x\u00a0\u00bb columns_gap=\u00a0\u00bb10&Prime; margin_bottom=\u00a0\u00bb110px\u00a0\u00bb el_class=\u00a0\u00bbprojects\u00a0\u00bb padding_top=\u00a0\u00bb10px\u00a0\u00bb][vc_column width=\u00a0\u00bb1\/2&Prime;]<div class=\"grve-element grve-image grve-hover-item grve-hover-style-2 grve-full-image\" style=\"\">  <div class=\"grve-image-wrapper\"><figure class=\"grve-image-hover grve-media grve-zoom-none\"><a href=\"\/fr\/projects\/birmingham\/\" title=\"Birmingham\" class=\"grve-item-url\"><\/a><div class=\"grve-bg-primary-1 grve-hover-overlay  grve-opacity-100\"><\/div><img width=\"1500\" height=\"904\" src=\"https:\/\/citred.be\/wp-content\/uploads\/2020\/10\/birmingham-1500x904-1.jpg\" class=\"\" alt=\"\" loading=\"lazy\" srcset=\"https:\/\/citred.be\/wp-content\/uploads\/2020\/10\/birmingham-1500x904-1.jpg 1500w, https:\/\/citred.be\/wp-content\/uploads\/2020\/10\/birmingham-1500x904-1-300x181.jpg 300w, https:\/\/citred.be\/wp-content\/uploads\/2020\/10\/birmingham-1500x904-1-1024x617.jpg 1024w, https:\/\/citred.be\/wp-content\/uploads\/2020\/10\/birmingham-1500x904-1-768x463.jpg 768w\" sizes=\"(max-width: 1500px) 100vw, 1500px\" \/><figcaption class=\"grve-content grve-align-center\"><h2 class=\"grve-title grve-h2 grve-text-white\">Birmingham<\/h2><div class=\"grve-line grve-text-white\"><span><\/span><\/div><span class=\"grve-description grve-link-text grve-text-white\">Transformation d'un site industriel, Bruxelles - Belgique<\/span><\/figcaption><\/figure>   <\/div><\/div>[\/vc_column][vc_column width=\u00a0\u00bb1\/2&Prime; mobile_width=\u00a0\u00bb1&Prime;][\/vc_column][\/vc_row][vc_row heading_color=\u00a0\u00bblight\u00a0\u00bb bg_type=\u00a0\u00bbcolor\u00a0\u00bb equal_column_height=\u00a0\u00bbmiddle-content\u00a0\u00bb bg_color=\u00a0\u00bb#084790&Prime; font_color=\u00a0\u00bb#ffffff\u00a0\u00bb margin_bottom=\u00a0\u00bb0&Prime;][vc_column width=\u00a0\u00bb2\/3&Prime; css=\u00a0\u00bb.vc_custom_1601036711454{padding-right: 24% !important;}\u00a0\u00bb]<div class=\"grve-empty-space\" style=\"height: 50px;\"><\/div><h2 class=\"grve-element grve-title grve-align-left grve-h3\" style=\"\"><span>Vous \u00eates int\u00e9ress\u00e9s ?<\/span><\/h2><div class=\"grve-empty-space\" style=\"height: 20px;\"><\/div>[vc_column_text]Venez nous rencontrer ou laissez-nous un message.<br \/>\nNous nous ferons un plaisir de vous r\u00e9pondre dans les meilleurs d\u00e9lais.[\/vc_column_text]<div class=\"grve-empty-space\" style=\"height: 50px;\"><\/div>[\/vc_column][vc_column width=\u00a0\u00bb1\/3&Prime;]<div class=\"grve-element grve-align-center custom-btn blue mail btn-small\"><a href=\"mailto:jobs@citblaton.be\" class=\"grve-btn grve-btn-medium grve-extra-round grve-bg-primary-2 grve-bg-hover-primary-2\"><span>Contactez nous !<\/span><\/a><\/div>[\/vc_column][\/vc_row]<\/p>\n","protected":false},"excerpt":{"rendered":"<p>[vc_row padding_top_multiplier=\u00a0\u00bbcustom\u00a0\u00bb padding_bottom_multiplier=\u00a0\u00bbcustom\u00a0\u00bb padding_top=\u00a0\u00bb110px\u00a0\u00bb padding_bottom=\u00a0\u00bb5px\u00a0\u00bb el_class=\u00a0\u00bbhome-projects title-project\u00a0\u00bb][vc_column][\/vc_column][\/vc_row][vc_row padding_top_multiplier=\u00a0\u00bbcustom\u00a0\u00bb padding_bottom_multiplier=\u00a0\u00bb\u00a0\u00bb columns_gap=\u00a0\u00bb10&Prime; margin_bottom=\u00a0\u00bb0&Prime; el_class=\u00a0\u00bbprojects\u00a0\u00bb padding_top=\u00a0\u00bb10px\u00a0\u00bb][vc_column width=\u00a0\u00bb1\/2&Prime;][\/vc_column][vc_column width=\u00a0\u00bb1\/2&Prime;][\/vc_column][\/vc_row][vc_row padding_top_multiplier=\u00a0\u00bbcustom\u00a0\u00bb padding_bottom_multiplier=\u00a0\u00bb\u00a0\u00bb columns_gap=\u00a0\u00bb10&Prime; margin_bottom=\u00a0\u00bb0&Prime; el_class=\u00a0\u00bbprojects\u00a0\u00bb padding_top=\u00a0\u00bb10px\u00a0\u00bb][vc_column width=\u00a0\u00bb1\/2&Prime;][\/vc_column][vc_column width=\u00a0\u00bb1\/2&Prime;][\/vc_column][\/vc_row][vc_row padding_top_multiplier=\u00a0\u00bbcustom\u00a0\u00bb padding_bottom_multiplier=\u00a0\u00bb\u00a0\u00bb columns_gap=\u00a0\u00bb10&Prime; el_class=\u00a0\u00bbprojects\u00a0\u00bb padding_top=\u00a0\u00bb10px\u00a0\u00bb margin_bottom=\u00a0\u00bb0&Prime;][vc_column width=\u00a0\u00bb1\/2&Prime;][\/vc_column][vc_column width=\u00a0\u00bb1\/2&Prime; mobile_width=\u00a0\u00bb1&Prime;][\/vc_column][\/vc_row][vc_row padding_top_multiplier=\u00a0\u00bbcustom\u00a0\u00bb padding_bottom_multiplier=\u00a0\u00bb2x\u00a0\u00bb columns_gap=\u00a0\u00bb10&Prime; margin_bottom=\u00a0\u00bb110px\u00a0\u00bb el_class=\u00a0\u00bbprojects\u00a0\u00bb padding_top=\u00a0\u00bb10px\u00a0\u00bb][vc_column width=\u00a0\u00bb1\/2&Prime;][\/vc_column][vc_column width=\u00a0\u00bb1\/2&Prime; mobile_width=\u00a0\u00bb1&Prime;][\/vc_column][\/vc_row][vc_row heading_color=\u00a0\u00bblight\u00a0\u00bb bg_type=\u00a0\u00bbcolor\u00a0\u00bb equal_column_height=\u00a0\u00bbmiddle-content\u00a0\u00bb bg_color=\u00a0\u00bb#084790&Prime; font_color=\u00a0\u00bb#ffffff\u00a0\u00bb margin_bottom=\u00a0\u00bb0&Prime;][vc_column width=\u00a0\u00bb2\/3&Prime; css=\u00a0\u00bb.vc_custom_1601036711454{padding-right: 24% !important;}\u00a0\u00bb][vc_column_text]Venez nous rencontrer ou laissez-nous [&hellip;]<\/p>\n","protected":false},"author":5,"featured_media":0,"parent":0,"menu_order":0,"comment_status":"closed","ping_status":"closed","template":"","meta":[],"yoast_head":"<!-- This site is optimized with the Yoast SEO plugin v16.0.2 - https:\/\/yoast.com\/wordpress\/plugins\/seo\/ -->\n<title>Projets - CIT RED<\/title>\n<link rel=\"canonical\" href=\"https:\/\/citred.be\/fr\/projects\/\" \/>\n<meta property=\"og:locale\" content=\"fr_FR\" \/>\n<meta property=\"og:type\" content=\"article\" \/>\n<meta property=\"og:title\" content=\"Projets - CIT RED\" \/>\n<meta property=\"og:description\" content=\"[vc_row padding_top_multiplier=\u00a0\u00bbcustom\u00a0\u00bb padding_bottom_multiplier=\u00a0\u00bbcustom\u00a0\u00bb padding_top=\u00a0\u00bb110px\u00a0\u00bb padding_bottom=\u00a0\u00bb5px\u00a0\u00bb el_class=\u00a0\u00bbhome-projects title-project\u00a0\u00bb][vc_column][\/vc_column][\/vc_row][vc_row padding_top_multiplier=\u00a0\u00bbcustom\u00a0\u00bb padding_bottom_multiplier=\u00a0\u00bb\u00a0\u00bb columns_gap=\u00a0\u00bb10&Prime; margin_bottom=\u00a0\u00bb0&Prime; el_class=\u00a0\u00bbprojects\u00a0\u00bb padding_top=\u00a0\u00bb10px\u00a0\u00bb][vc_column width=\u00a0\u00bb1\/2&Prime;][\/vc_column][vc_column width=\u00a0\u00bb1\/2&Prime;][\/vc_column][\/vc_row][vc_row padding_top_multiplier=\u00a0\u00bbcustom\u00a0\u00bb padding_bottom_multiplier=\u00a0\u00bb\u00a0\u00bb columns_gap=\u00a0\u00bb10&Prime; margin_bottom=\u00a0\u00bb0&Prime; el_class=\u00a0\u00bbprojects\u00a0\u00bb padding_top=\u00a0\u00bb10px\u00a0\u00bb][vc_column width=\u00a0\u00bb1\/2&Prime;][\/vc_column][vc_column width=\u00a0\u00bb1\/2&Prime;][\/vc_column][\/vc_row][vc_row padding_top_multiplier=\u00a0\u00bbcustom\u00a0\u00bb padding_bottom_multiplier=\u00a0\u00bb\u00a0\u00bb columns_gap=\u00a0\u00bb10&Prime; el_class=\u00a0\u00bbprojects\u00a0\u00bb padding_top=\u00a0\u00bb10px\u00a0\u00bb margin_bottom=\u00a0\u00bb0&Prime;][vc_column width=\u00a0\u00bb1\/2&Prime;][\/vc_column][vc_column width=\u00a0\u00bb1\/2&Prime; mobile_width=\u00a0\u00bb1&Prime;][\/vc_column][\/vc_row][vc_row padding_top_multiplier=\u00a0\u00bbcustom\u00a0\u00bb padding_bottom_multiplier=\u00a0\u00bb2x\u00a0\u00bb columns_gap=\u00a0\u00bb10&Prime; margin_bottom=\u00a0\u00bb110px\u00a0\u00bb el_class=\u00a0\u00bbprojects\u00a0\u00bb padding_top=\u00a0\u00bb10px\u00a0\u00bb][vc_column width=\u00a0\u00bb1\/2&Prime;][\/vc_column][vc_column width=\u00a0\u00bb1\/2&Prime; mobile_width=\u00a0\u00bb1&Prime;][\/vc_column][\/vc_row][vc_row heading_color=\u00a0\u00bblight\u00a0\u00bb bg_type=\u00a0\u00bbcolor\u00a0\u00bb equal_column_height=\u00a0\u00bbmiddle-content\u00a0\u00bb bg_color=\u00a0\u00bb#084790&Prime; font_color=\u00a0\u00bb#ffffff\u00a0\u00bb margin_bottom=\u00a0\u00bb0&Prime;][vc_column width=\u00a0\u00bb2\/3&Prime; css=\u00a0\u00bb.vc_custom_1601036711454{padding-right: 24% !important;}\u00a0\u00bb][vc_column_text]Venez nous rencontrer ou laissez-nous [&hellip;]\" \/>\n<meta property=\"og:url\" content=\"https:\/\/citred.be\/fr\/projects\/\" \/>\n<meta property=\"og:site_name\" content=\"CIT RED\" \/>\n<meta property=\"article:modified_time\" content=\"2021-05-28T13:09:06+00:00\" \/>\n<meta name=\"twitter:card\" content=\"summary_large_image\" \/>\n<meta name=\"twitter:label1\" content=\"Dur\u00e9e de lecture est.\">\n\t<meta name=\"twitter:data1\" content=\"1 minute\">\n<script type=\"application\/ld+json\" class=\"yoast-schema-graph\">{\"@context\":\"https:\/\/schema.org\",\"@graph\":[{\"@type\":\"WebSite\",\"@id\":\"https:\/\/citred.be\/#website\",\"url\":\"https:\/\/citred.be\/\",\"name\":\"CIT RED\",\"description\":\"\",\"potentialAction\":[{\"@type\":\"SearchAction\",\"target\":\"https:\/\/citred.be\/?s={search_term_string}\",\"query-input\":\"required name=search_term_string\"}],\"inLanguage\":\"fr-FR\"},{\"@type\":\"WebPage\",\"@id\":\"https:\/\/citred.be\/fr\/projects\/#webpage\",\"url\":\"https:\/\/citred.be\/fr\/projects\/\",\"name\":\"Projets - CIT RED\",\"isPartOf\":{\"@id\":\"https:\/\/citred.be\/#website\"},\"datePublished\":\"2020-09-24T13:03:31+00:00\",\"dateModified\":\"2021-05-28T13:09:06+00:00\",\"breadcrumb\":{\"@id\":\"https:\/\/citred.be\/fr\/projects\/#breadcrumb\"},\"inLanguage\":\"fr-FR\",\"potentialAction\":[{\"@type\":\"ReadAction\",\"target\":[\"https:\/\/citred.be\/fr\/projects\/\"]}]},{\"@type\":\"BreadcrumbList\",\"@id\":\"https:\/\/citred.be\/fr\/projects\/#breadcrumb\",\"itemListElement\":[{\"@type\":\"ListItem\",\"position\":1,\"item\":{\"@type\":\"WebPage\",\"@id\":\"https:\/\/citred.be\/fr\/\",\"url\":\"https:\/\/citred.be\/fr\/\",\"name\":\"Home\"}},{\"@type\":\"ListItem\",\"position\":2,\"item\":{\"@type\":\"WebPage\",\"@id\":\"https:\/\/citred.be\/fr\/projects\/\",\"url\":\"https:\/\/citred.be\/fr\/projects\/\",\"name\":\"Projets\"}}]}]}<\/script>\n<!-- \/ Yoast SEO plugin. -->","_links":{"self":[{"href":"https:\/\/citred.be\/fr\/wp-json\/wp\/v2\/pages\/1799"}],"collection":[{"href":"https:\/\/citred.be\/fr\/wp-json\/wp\/v2\/pages"}],"about":[{"href":"https:\/\/citred.be\/fr\/wp-json\/wp\/v2\/types\/page"}],"author":[{"embeddable":true,"href":"https:\/\/citred.be\/fr\/wp-json\/wp\/v2\/users\/5"}],"replies":[{"embeddable":true,"href":"https:\/\/citred.be\/fr\/wp-json\/wp\/v2\/comments?post=1799"}],"version-history":[{"count":11,"href":"https:\/\/citred.be\/fr\/wp-json\/wp\/v2\/pages\/1799\/revisions"}],"predecessor-version":[{"id":2073,"href":"https:\/\/citred.be\/fr\/wp-json\/wp\/v2\/pages\/1799\/revisions\/2073"}],"wp:attachment":[{"href":"https:\/\/citred.be\/fr\/wp-json\/wp\/v2\/media?parent=1799"}],"curies":[{"name":"wp","href":"https:\/\/api.w.org\/{rel}","templated":true}]}}