{"id":1725,"date":"2020-09-29T15:41:58","date_gmt":"2020-09-29T15:41:58","guid":{"rendered":"https:\/\/citred.iloworks.be\/careers\/"},"modified":"2020-12-11T10:38:19","modified_gmt":"2020-12-11T10:38:19","slug":"emplois","status":"publish","type":"page","link":"https:\/\/citred.be\/fr\/emplois\/","title":{"rendered":"Emplois"},"content":{"rendered":"<p>[vc_row heading_color=\u00a0\u00bblight\u00a0\u00bb bg_type=\u00a0\u00bbimage\u00a0\u00bb bg_image=\u00a0\u00bb401&Prime; padding_top_multiplier=\u00a0\u00bb6x\u00a0\u00bb padding_bottom_multiplier=\u00a0\u00bb\u00a0\u00bb el_class=\u00a0\u00bbabout\u00a0\u00bb][vc_column]<div class=\"grve-empty-space desk-hide\" style=\"height: 50px;\"><\/div><h1 class=\"grve-element grve-title grve-align-center grve-animated-item grve-duration-normal grve-fade-in-up grve-h1\" style=\"\" data-delay=\"100\"><span>Emplois<\/span><\/h1><div class=\"grve-empty-space grve-height-6x mobile-hide\" style=\"\"><\/div>[\/vc_column][\/vc_row][vc_row padding_top_multiplier=\u00a0\u00bb2x\u00a0\u00bb padding_bottom_multiplier=\u00a0\u00bb\u00a0\u00bb equal_column_height=\u00a0\u00bbequal-column\u00a0\u00bb margin_bottom=\u00a0\u00bb45px\u00a0\u00bb][vc_column width=\u00a0\u00bb1\/4&Prime;][\/vc_column][vc_column width=\u00a0\u00bb1\/2&Prime;][vc_column_text text_style=\u00a0\u00bbsubtitle\u00a0\u00bb]<\/p>\n<p style=\"text-align: left;\"><strong style=\"font-size: 25px; line-height: 35px;\">Travailler pour CIT Red, c\u2019est rejoindre une \u00e9quipe dynamique et professionnelle qui dispose d\u2019une vaste expertise en mati\u00e8re de promotion immobili\u00e8re<\/strong><\/p>\n<p style=\"text-align: left;\">CIT Red fait \u00e9galement partie du groupe CIT Blaton qui jouit d\u2019une excellente renomm\u00e9e \u2013 un groupe de professionnels entreprenants et audacieux, fiers de leur m\u00e9tier et de leurs r\u00e9alisations, qui partagent au quotidien des valeurs de respect mutuel et d\u2019entraide. C\u2019est aussi s\u2019engager dans une entreprise \u00e0 taille humaine o\u00f9 r\u00e8gne une ambiance chaleureuse. Votre avenir y est entre de bonnes mains : celles de vos coll\u00e8gues et de vos sup\u00e9rieurs toujours pr\u00eats \u00e0 vous guider dans le d\u00e9veloppement de votre carri\u00e8re. Vous b\u00e9n\u00e9ficierez d\u2019une formation sp\u00e9cifique bas\u00e9e sur votre profil et serez rapidement impliqu\u00e9s et mis \u00e0 contribution dans nos projets en cours ou en d\u00e9veloppement.<\/p>\n<p>[\/vc_column_text]<div class=\"grve-empty-space\" style=\"height: 40px;\"><\/div><div class=\"grve-element grve-image mobile-hide grve-align-center\" style=\"\">  <div class=\"grve-image-wrapper\"><img width=\"1\" height=\"290\" src=\"https:\/\/citred.be\/wp-content\/uploads\/2020\/09\/line-grey-290.png\" class=\"attachment-full size-full\" alt=\"\" loading=\"lazy\" \/>   <\/div><\/div>[\/vc_column][vc_column width=\u00a0\u00bb1\/4&Prime;][\/vc_column][\/vc_row][vc_row heading_color=\u00a0\u00bblight\u00a0\u00bb bg_type=\u00a0\u00bbcolor\u00a0\u00bb equal_column_height=\u00a0\u00bbmiddle-content\u00a0\u00bb bg_color=\u00a0\u00bb#084790&Prime; font_color=\u00a0\u00bb#ffffff\u00a0\u00bb margin_bottom=\u00a0\u00bb0&Prime;][vc_column]<div class=\"grve-empty-space\" style=\"height: 50px;\"><\/div><h2 class=\"grve-element grve-title grve-align-center grve-h3\" style=\"\"><span>Int\u00e9ress\u00e9(e) ? <\/span><\/h2>[vc_column_text]<\/p>\n<p style=\"text-align: center;\">Envoyez votre lettre de candidature et votre curriculum vit\u00e6 \u00e0 :<\/p>\n<p>[\/vc_column_text]<div class=\"grve-empty-space\" style=\"height: 50px;\"><\/div>[vc_column_text]<\/p>\n<p style=\"text-align: center;\">CIT RED<\/p>\n<p>[\/vc_column_text]<div class=\"grve-empty-space\" style=\"height: 20px;\"><\/div>[vc_column_text]<\/p>\n<p style=\"text-align: center;\">Avenue Jean Jaur\u00e8s 50<br \/>\n1030 Brussels<\/p>\n<p>[\/vc_column_text]<div class=\"grve-empty-space\" style=\"height: 50px;\"><\/div><div class=\"grve-element grve-align-center custom-btn blue mail btn-small\"><a href=\"mailto:jobs@citblaton.be\" class=\"grve-btn grve-btn-medium grve-extra-round grve-bg-primary-2 grve-bg-hover-primary-2\"><span>Envoyez-nous un e-mail !<\/span><\/a><\/div><div class=\"grve-empty-space\" style=\"height: 30px;\"><\/div>[\/vc_column][\/vc_row]<\/p>\n","protected":false},"excerpt":{"rendered":"<p>[vc_row heading_color=\u00a0\u00bblight\u00a0\u00bb bg_type=\u00a0\u00bbimage\u00a0\u00bb bg_image=\u00a0\u00bb401&Prime; padding_top_multiplier=\u00a0\u00bb6x\u00a0\u00bb padding_bottom_multiplier=\u00a0\u00bb\u00a0\u00bb el_class=\u00a0\u00bbabout\u00a0\u00bb][vc_column][\/vc_column][\/vc_row][vc_row padding_top_multiplier=\u00a0\u00bb2x\u00a0\u00bb padding_bottom_multiplier=\u00a0\u00bb\u00a0\u00bb equal_column_height=\u00a0\u00bbequal-column\u00a0\u00bb margin_bottom=\u00a0\u00bb45px\u00a0\u00bb][vc_column width=\u00a0\u00bb1\/4&Prime;][\/vc_column][vc_column width=\u00a0\u00bb1\/2&Prime;][vc_column_text text_style=\u00a0\u00bbsubtitle\u00a0\u00bb] Travailler pour CIT Red, c\u2019est rejoindre une \u00e9quipe dynamique et professionnelle qui dispose d\u2019une vaste expertise en mati\u00e8re de promotion immobili\u00e8re CIT Red fait \u00e9galement partie du groupe CIT Blaton qui jouit d\u2019une excellente renomm\u00e9e \u2013 un groupe de professionnels entreprenants [&hellip;]<\/p>\n","protected":false},"author":5,"featured_media":0,"parent":0,"menu_order":0,"comment_status":"closed","ping_status":"closed","template":"","meta":[],"yoast_head":"<!-- This site is optimized with the Yoast SEO plugin v16.0.2 - https:\/\/yoast.com\/wordpress\/plugins\/seo\/ -->\n<title>Emplois - CIT RED<\/title>\n<link rel=\"canonical\" href=\"https:\/\/citred.be\/fr\/emplois\/\" \/>\n<meta property=\"og:locale\" content=\"fr_FR\" \/>\n<meta property=\"og:type\" content=\"article\" \/>\n<meta property=\"og:title\" content=\"Emplois - CIT RED\" \/>\n<meta property=\"og:description\" content=\"[vc_row heading_color=\u00a0\u00bblight\u00a0\u00bb bg_type=\u00a0\u00bbimage\u00a0\u00bb bg_image=\u00a0\u00bb401&Prime; padding_top_multiplier=\u00a0\u00bb6x\u00a0\u00bb padding_bottom_multiplier=\u00a0\u00bb\u00a0\u00bb el_class=\u00a0\u00bbabout\u00a0\u00bb][vc_column][\/vc_column][\/vc_row][vc_row padding_top_multiplier=\u00a0\u00bb2x\u00a0\u00bb padding_bottom_multiplier=\u00a0\u00bb\u00a0\u00bb equal_column_height=\u00a0\u00bbequal-column\u00a0\u00bb margin_bottom=\u00a0\u00bb45px\u00a0\u00bb][vc_column width=\u00a0\u00bb1\/4&Prime;][\/vc_column][vc_column width=\u00a0\u00bb1\/2&Prime;][vc_column_text text_style=\u00a0\u00bbsubtitle\u00a0\u00bb] Travailler pour CIT Red, c\u2019est rejoindre une \u00e9quipe dynamique et professionnelle qui dispose d\u2019une vaste expertise en mati\u00e8re de promotion immobili\u00e8re CIT Red fait \u00e9galement partie du groupe CIT Blaton qui jouit d\u2019une excellente renomm\u00e9e \u2013 un groupe de professionnels entreprenants [&hellip;]\" \/>\n<meta property=\"og:url\" content=\"https:\/\/citred.be\/fr\/emplois\/\" \/>\n<meta property=\"og:site_name\" content=\"CIT RED\" \/>\n<meta property=\"article:modified_time\" content=\"2020-12-11T10:38:19+00:00\" \/>\n<meta name=\"twitter:card\" content=\"summary_large_image\" \/>\n<meta name=\"twitter:label1\" content=\"Dur\u00e9e de lecture est.\">\n\t<meta name=\"twitter:data1\" content=\"2 minutes\">\n<script type=\"application\/ld+json\" class=\"yoast-schema-graph\">{\"@context\":\"https:\/\/schema.org\",\"@graph\":[{\"@type\":\"WebSite\",\"@id\":\"https:\/\/citred.be\/#website\",\"url\":\"https:\/\/citred.be\/\",\"name\":\"CIT RED\",\"description\":\"\",\"potentialAction\":[{\"@type\":\"SearchAction\",\"target\":\"https:\/\/citred.be\/?s={search_term_string}\",\"query-input\":\"required name=search_term_string\"}],\"inLanguage\":\"fr-FR\"},{\"@type\":\"WebPage\",\"@id\":\"https:\/\/citred.be\/fr\/emplois\/#webpage\",\"url\":\"https:\/\/citred.be\/fr\/emplois\/\",\"name\":\"Emplois - CIT RED\",\"isPartOf\":{\"@id\":\"https:\/\/citred.be\/#website\"},\"datePublished\":\"2020-09-29T15:41:58+00:00\",\"dateModified\":\"2020-12-11T10:38:19+00:00\",\"breadcrumb\":{\"@id\":\"https:\/\/citred.be\/fr\/emplois\/#breadcrumb\"},\"inLanguage\":\"fr-FR\",\"potentialAction\":[{\"@type\":\"ReadAction\",\"target\":[\"https:\/\/citred.be\/fr\/emplois\/\"]}]},{\"@type\":\"BreadcrumbList\",\"@id\":\"https:\/\/citred.be\/fr\/emplois\/#breadcrumb\",\"itemListElement\":[{\"@type\":\"ListItem\",\"position\":1,\"item\":{\"@type\":\"WebPage\",\"@id\":\"https:\/\/citred.be\/fr\/\",\"url\":\"https:\/\/citred.be\/fr\/\",\"name\":\"Home\"}},{\"@type\":\"ListItem\",\"position\":2,\"item\":{\"@type\":\"WebPage\",\"@id\":\"https:\/\/citred.be\/fr\/emplois\/\",\"url\":\"https:\/\/citred.be\/fr\/emplois\/\",\"name\":\"Emplois\"}}]}]}<\/script>\n<!-- \/ Yoast SEO plugin. -->","_links":{"self":[{"href":"https:\/\/citred.be\/fr\/wp-json\/wp\/v2\/pages\/1725"}],"collection":[{"href":"https:\/\/citred.be\/fr\/wp-json\/wp\/v2\/pages"}],"about":[{"href":"https:\/\/citred.be\/fr\/wp-json\/wp\/v2\/types\/page"}],"author":[{"embeddable":true,"href":"https:\/\/citred.be\/fr\/wp-json\/wp\/v2\/users\/5"}],"replies":[{"embeddable":true,"href":"https:\/\/citred.be\/fr\/wp-json\/wp\/v2\/comments?post=1725"}],"version-history":[{"count":6,"href":"https:\/\/citred.be\/fr\/wp-json\/wp\/v2\/pages\/1725\/revisions"}],"predecessor-version":[{"id":1854,"href":"https:\/\/citred.be\/fr\/wp-json\/wp\/v2\/pages\/1725\/revisions\/1854"}],"wp:attachment":[{"href":"https:\/\/citred.be\/fr\/wp-json\/wp\/v2\/media?parent=1725"}],"curies":[{"name":"wp","href":"https:\/\/api.w.org\/{rel}","templated":true}]}}