{"id":1717,"date":"2020-10-08T14:45:18","date_gmt":"2020-10-08T14:45:18","guid":{"rendered":"https:\/\/citred.iloworks.be\/marco-polo\/"},"modified":"2020-12-11T11:43:30","modified_gmt":"2020-12-11T11:43:30","slug":"marco-polo","status":"publish","type":"page","link":"https:\/\/citred.be\/fr\/projects\/marco-polo\/","title":{"rendered":"Marco Polo"},"content":{"rendered":"<p>[vc_row padding_top_multiplier=\u00a0\u00bbcustom\u00a0\u00bb padding_bottom_multiplier=\u00a0\u00bbcustom\u00a0\u00bb padding_top=\u00a0\u00bb110px\u00a0\u00bb el_class=\u00a0\u00bbhome-projects title-project\u00a0\u00bb padding_bottom=\u00a0\u00bb5px\u00a0\u00bb][vc_column]<div class=\"grve-empty-space mobile-hide\" style=\"height: 60px;\"><\/div><h2 class=\"grve-element grve-title grve-align-center grve-h2 red-title\" style=\"\"><span>Marco Polo<\/span><\/h2><h3 class=\"grve-element grve-title grve-align-center grve-h5 blue-font\" style=\"margin-bottom: 30px;\"><span>Complexe r\u00e9sidentiel et commercial, Esch-sur-Alzette \u2014 Luxembourg<\/span><\/h3><div class=\"grve-element grve-image grey-line grve-align-center\" style=\"margin-bottom: 30px;\">  <div class=\"grve-image-wrapper\"><img width=\"1\" height=\"80\" src=\"https:\/\/citred.be\/wp-content\/uploads\/2020\/09\/line-grey-80.png\" class=\"attachment-full size-full\" alt=\"\" loading=\"lazy\" \/>   <\/div><\/div><div class=\"grve-element grve-carousel grve-layout-1 grve-with-gap\" style=\"\">  <div class=\"grve-carousel-wrapper\"><div class=\"grve-carousel-navigation grve-dark grve-navigation-1 grve-navigation-carousel\">\t<div class=\"grve-carousel-buttons\">\t\t<div class=\"grve-carousel-prev\">\t\t\t<i class=\"grve-icon-nav-left-small\"><\/i>\t\t<\/div>\t\t<div class=\"grve-carousel-next\">\t\t\t<i class=\"grve-icon-nav-right-small\"><\/i>\t\t<\/div>\t<\/div><\/div>    <div class=\"grve-carousel-element home-projects\" data-items=\"1\" data-items-tablet-landscape=\"1\" data-items-tablet-portrait=\"1\" data-items-mobile=\"1\" data-slider-autoplay=\"no\" data-slider-speed=\"5000\" data-slider-pause=\"no\" data-pagination-speed=\"400\" data-pagination=\"no\" data-slider-loop=\"yes\" data-gutter-size=\"15\"><div class=\"grve-carousel-item grve-hover-item grve-hover-style-none\">  <figure class=\"grve-image-hover\">    <div class=\"grve-hover-overlay grve-bg-light grve-opacity-0\"><\/div><div class=\"grve-media\"><img width=\"1024\" height=\"447\" src=\"https:\/\/citred.be\/wp-content\/uploads\/2020\/10\/marcopolo1-1024x447.jpg\" class=\"attachment-large size-large\" alt=\"\" loading=\"lazy\" srcset=\"https:\/\/citred.be\/wp-content\/uploads\/2020\/10\/marcopolo1-1024x447.jpg 1024w, https:\/\/citred.be\/wp-content\/uploads\/2020\/10\/marcopolo1-300x131.jpg 300w, https:\/\/citred.be\/wp-content\/uploads\/2020\/10\/marcopolo1-768x336.jpg 768w, https:\/\/citred.be\/wp-content\/uploads\/2020\/10\/marcopolo1.jpg 1190w\" sizes=\"(max-width: 1024px) 100vw, 1024px\" \/><\/div>  <\/figure><\/div><div class=\"grve-carousel-item grve-hover-item grve-hover-style-none\">  <figure class=\"grve-image-hover\">    <div class=\"grve-hover-overlay grve-bg-light grve-opacity-0\"><\/div><div class=\"grve-media\"><img width=\"1024\" height=\"447\" src=\"https:\/\/citred.be\/wp-content\/uploads\/2020\/10\/marcopolo2-1024x447.jpg\" class=\"attachment-large size-large\" alt=\"\" loading=\"lazy\" srcset=\"https:\/\/citred.be\/wp-content\/uploads\/2020\/10\/marcopolo2-1024x447.jpg 1024w, https:\/\/citred.be\/wp-content\/uploads\/2020\/10\/marcopolo2-300x131.jpg 300w, https:\/\/citred.be\/wp-content\/uploads\/2020\/10\/marcopolo2-768x336.jpg 768w, https:\/\/citred.be\/wp-content\/uploads\/2020\/10\/marcopolo2.jpg 1190w\" sizes=\"(max-width: 1024px) 100vw, 1024px\" \/><\/div>  <\/figure><\/div><div class=\"grve-carousel-item grve-hover-item grve-hover-style-none\">  <figure class=\"grve-image-hover\">    <div class=\"grve-hover-overlay grve-bg-light grve-opacity-0\"><\/div><div class=\"grve-media\"><img width=\"1024\" height=\"447\" src=\"https:\/\/citred.be\/wp-content\/uploads\/2020\/10\/marcopolo3-1024x447.jpg\" class=\"attachment-large size-large\" alt=\"\" loading=\"lazy\" srcset=\"https:\/\/citred.be\/wp-content\/uploads\/2020\/10\/marcopolo3-1024x447.jpg 1024w, https:\/\/citred.be\/wp-content\/uploads\/2020\/10\/marcopolo3-300x131.jpg 300w, https:\/\/citred.be\/wp-content\/uploads\/2020\/10\/marcopolo3-768x336.jpg 768w, https:\/\/citred.be\/wp-content\/uploads\/2020\/10\/marcopolo3.jpg 1190w\" sizes=\"(max-width: 1024px) 100vw, 1024px\" \/><\/div>  <\/figure><\/div><div class=\"grve-carousel-item grve-hover-item grve-hover-style-none\">  <figure class=\"grve-image-hover\">    <div class=\"grve-hover-overlay grve-bg-light grve-opacity-0\"><\/div><div class=\"grve-media\"><img width=\"1024\" height=\"447\" src=\"https:\/\/citred.be\/wp-content\/uploads\/2020\/10\/marcopolo4-1024x447.jpg\" class=\"attachment-large size-large\" alt=\"\" loading=\"lazy\" srcset=\"https:\/\/citred.be\/wp-content\/uploads\/2020\/10\/marcopolo4-1024x447.jpg 1024w, https:\/\/citred.be\/wp-content\/uploads\/2020\/10\/marcopolo4-300x131.jpg 300w, https:\/\/citred.be\/wp-content\/uploads\/2020\/10\/marcopolo4-768x336.jpg 768w, https:\/\/citred.be\/wp-content\/uploads\/2020\/10\/marcopolo4.jpg 1190w\" sizes=\"(max-width: 1024px) 100vw, 1024px\" \/><\/div>  <\/figure><\/div><div class=\"grve-carousel-item grve-hover-item grve-hover-style-none\">  <figure class=\"grve-image-hover\">    <div class=\"grve-hover-overlay grve-bg-light grve-opacity-0\"><\/div><div class=\"grve-media\"><img width=\"1024\" height=\"447\" src=\"https:\/\/citred.be\/wp-content\/uploads\/2020\/10\/marcopolo5-1024x447.jpg\" class=\"attachment-large size-large\" alt=\"\" loading=\"lazy\" srcset=\"https:\/\/citred.be\/wp-content\/uploads\/2020\/10\/marcopolo5-1024x447.jpg 1024w, https:\/\/citred.be\/wp-content\/uploads\/2020\/10\/marcopolo5-300x131.jpg 300w, https:\/\/citred.be\/wp-content\/uploads\/2020\/10\/marcopolo5-768x336.jpg 768w, https:\/\/citred.be\/wp-content\/uploads\/2020\/10\/marcopolo5.jpg 1190w\" sizes=\"(max-width: 1024px) 100vw, 1024px\" \/><\/div>  <\/figure><\/div>\t  <\/div>\t<\/div><\/div>[\/vc_column][\/vc_row][vc_row equal_column_height=\u00a0\u00bbmiddle-content\u00a0\u00bb el_class=\u00a0\u00bbsmall-shadow-custom picto-container\u00a0\u00bb margin_bottom=\u00a0\u00bb80px\u00a0\u00bb][vc_column width=\u00a0\u00bb3\/4&Prime; el_class=\u00a0\u00bbcustom-icons\u00a0\u00bb]<div class=\"grve-element grve-box-icon grve-extra-small grve-top-icon grve-align-center\" style=\"\"><div class=\"grve-image-icon\"><img width=\"60\" height=\"60\" src=\"https:\/\/citred.be\/wp-content\/uploads\/2020\/10\/CITRED_Residential.png\" class=\"attachment-full size-full\" alt=\"\" loading=\"lazy\" \/><\/div><div class=\"grve-box-content\"><div class=\"grve-box-title-wrapper\"><h5 class=\"grve-box-title grve-subtitle-text\">R\u00e9sidentiel<\/h5><\/div><\/div><\/div><div class=\"grve-element grve-box-icon grve-extra-small grve-top-icon grve-align-center\" style=\"\"><div class=\"grve-image-icon\"><img width=\"60\" height=\"60\" src=\"https:\/\/citred.be\/wp-content\/uploads\/2020\/10\/CITRED_Shopping_center.png\" class=\"attachment-full size-full\" alt=\"\" loading=\"lazy\" \/><\/div><div class=\"grve-box-content\"><div class=\"grve-box-title-wrapper\"><h5 class=\"grve-box-title grve-subtitle-text\">Centre commercial<\/h5><\/div><\/div><\/div><div class=\"grve-element grve-box-icon grve-extra-small grve-top-icon grve-align-center\" style=\"\"><div class=\"grve-image-icon\"><img width=\"60\" height=\"60\" src=\"https:\/\/citred.be\/wp-content\/uploads\/2020\/10\/CITRED_Bicycle_Parking.png\" class=\"attachment-full size-full\" alt=\"\" loading=\"lazy\" \/><\/div><div class=\"grve-box-content\"><div class=\"grve-box-title-wrapper\"><h5 class=\"grve-box-title grve-subtitle-text\">Parking v\u00e9lo<\/h5><\/div><\/div><\/div>[\/vc_column][vc_column width=\u00a0\u00bb1\/4&Prime; mobile_width=\u00a0\u00bbhide\u00a0\u00bb el_class=\u00a0\u00bbwebsite-btn cta-none\u00a0\u00bb]<div class=\"grve-element grve-align-center custom-btn btn-small\"><a href=\"#\" class=\"grve-btn grve-btn-medium grve-extra-round grve-bg-primary-1 grve-bg-hover-primary-1\"><span>website<\/span><\/a><\/div>[\/vc_column][\/vc_row][vc_row padding_top_multiplier=\u00a0\u00bbcustom\u00a0\u00bb padding_bottom_multiplier=\u00a0\u00bbcustom\u00a0\u00bb desktop_visibility=\u00a0\u00bbhide\u00a0\u00bb tablet_visibility=\u00a0\u00bbhide\u00a0\u00bb tablet_sm_visibility=\u00a0\u00bbhide\u00a0\u00bb padding_bottom=\u00a0\u00bb70px\u00a0\u00bb padding_top=\u00a0\u00bb30px\u00a0\u00bb el_class=\u00a0\u00bbcta-none\u00a0\u00bb][vc_column]<div class=\"grve-element grve-align-center custom-btn mobile-btn grve-fluid-button\"><a href=\"#\" class=\"grve-btn grve-btn-medium grve-extra-round grve-bg-primary-1 grve-bg-hover-primary-1\" style=\"max-width: 515px;\"><span>D\u00e9couvrez le site de notre projet<\/span><\/a><\/div>[\/vc_column][\/vc_row][vc_row el_class=\u00a0\u00bbresidence\u00a0\u00bb][vc_column width=\u00a0\u00bb2\/3&Prime; css=\u00a0\u00bb.vc_custom_1601384973826{padding-right: 24% !important;}\u00a0\u00bb el_class=\u00a0\u00bbdescription\u00a0\u00bb]<h2 class=\"grve-element grve-title grve-align-left grve-animated-item grve-duration-normal grve-fade-in-left grve-h3 medium-title red-title\" style=\"\" data-delay=\"200\"><span>Complexe r\u00e9sidentiel et commercial<\/span><\/h2><div class=\"grve-empty-space space-title\" style=\"height: 50px;\"><\/div>[vc_column_text text_style=\u00a0\u00bbsubtitle\u00a0\u00bb]Marco Polo est un projet de promotion immobili\u00e8re d\u00e9velopp\u00e9 au Grand-Duch\u00e9 de Luxembourg par CIT Blaton selon l\u2019approche Design &amp; Build. Le complexe Marco Polo se dresse dans le centre de Esch-sur-Alzette, un p\u00f4le commercial important situ\u00e9 dans le sud du Grand-Duch\u00e9 de Luxembourg.<\/p>\n<p>Le projet s\u2019\u00e9tend sur une surface d\u2019environ 21 000 m2 r\u00e9partis sur sept niveaux d\u00e9di\u00e9s aux activit\u00e9s commerciales ainsi qu\u2019\u00e0 80 logements.<\/p>\n<p>CIT Blaton a assur\u00e9 la gestion de la construction ainsi que le financement et a confi\u00e9 la r\u00e9alisation des travaux \u00e0 CBL, sa filiale luxembourgeoise.<\/p>\n<p>Le projet s\u2019inscrit dans le cadre de l\u2019am\u00e9nagement du quartier situ\u00e9 \u00e0 proximit\u00e9 de la place de l\u2019h\u00f4tel de ville et de la nouvelle Cour de justice. L\u2019aspect urbanistique a \u00e9t\u00e9 confi\u00e9 \u00e0 Jim Clemes Architects.<br \/>\n[\/vc_column_text]<div class=\"grve-empty-space space-btn\" style=\"height: 170px;\"><\/div><div class=\"grve-element grve-align-center custom-cta cta-none grve-fluid-button\"><a href=\"#\" class=\"grve-btn grve-btn-medium grve-extra-round grve-bg-primary-6 grve-bg-hover-primary-1\" style=\"max-width: 515px;\"><span>D\u00e9couvrez le site de notre projet<\/span><\/a><\/div>[\/vc_column][vc_column width=\u00a0\u00bb1\/3&Prime; heading_color=\u00a0\u00bbprimary-2&Prime; shadow=\u00a0\u00bbsmall\u00a0\u00bb font_color=\u00a0\u00bb#2f2643&Prime; css=\u00a0\u00bb.vc_custom_1601387569382{padding-top: 55px !important;padding-right: 55px !important;padding-bottom: 55px !important;padding-left: 55px !important;}\u00a0\u00bb el_class=\u00a0\u00bbinfos\u00a0\u00bb]<h5 class=\"grve-element grve-title grve-align-left grve-subtitle-text red-font\" style=\"\"><span>SOLD OUT<\/span><\/h5><div class=\"grve-empty-space descript-empty\" style=\"height: 50px;\"><\/div><h5 class=\"grve-element grve-title grve-align-left grve-subtitle-text\" style=\"\"><span>Surface du projet<\/span><\/h5>[vc_column_text text_style=\u00a0\u00bbsubtitle\u00a0\u00bb]21 000 m<sup>2<\/sup>[\/vc_column_text]<div class=\"grve-empty-space descript-empty\" style=\"height: 50px;\"><\/div><h5 class=\"grve-element grve-title grve-align-left grve-subtitle-text\" style=\"\"><span>Nombre d\u2019unit\u00e9s <\/span><\/h5>[vc_column_text text_style=\u00a0\u00bbsubtitle\u00a0\u00bb]80 logements[\/vc_column_text]<div class=\"grve-empty-space descript-empty\" style=\"height: 50px;\"><\/div><h5 class=\"grve-element grve-title grve-align-left grve-subtitle-text\" style=\"\"><span>Architectes<\/span><\/h5>[vc_column_text text_style=\u00a0\u00bbsubtitle\u00a0\u00bb]Ballini Pitt &amp; Partners<br \/>\nArchitectes S.C.[\/vc_column_text]<div class=\"grve-empty-space descript-empty\" style=\"height: 50px;\"><\/div><h5 class=\"grve-element grve-title grve-align-left grve-subtitle-text\" style=\"\"><span>D\u00e9lai<\/span><\/h5>[vc_column_text text_style=\u00a0\u00bbsubtitle\u00a0\u00bb]De 2008 \u00e0 2010[\/vc_column_text]<div class=\"grve-empty-space descript-empty\" style=\"height: 50px;\"><\/div><h5 class=\"grve-element grve-title grve-align-left grve-subtitle-text\" style=\"\"><span>UN PROJET CIT BLATON <\/span><\/h5><div class=\"grve-empty-space space-location\" style=\"height: 300px;\"><\/div><h5 class=\"grve-element grve-title grve-align-left grve-subtitle-text red-font\" style=\"margin-bottom: 20px;\"><span>Adresse<\/span><\/h5>[vc_column_text text_style=\u00a0\u00bbsubtitle\u00a0\u00bb css=\u00a0\u00bb.vc_custom_1606504485185{margin-bottom: 30px !important;}\u00a0\u00bb]Rue de Luxembourg &amp; rue de l&rsquo;Alzette,<br \/>\nEsch-sur-Alzette,<br \/>\nLuxembourg[\/vc_column_text]<div class=\"grve-map-wrapper\"><div class=\"grve-element grve-map project-map\" data-lat=\"49.498765\" data-lng=\"5.986247\" data-zoom=\"14\" data-disable-style=\"no\" style=\"height: 250px;\"><\/div>  <div style=\"display:none\" class=\"grve-map-point\" data-point-marker=\"\/\/citred.be\/wp-content\/themes\/movedo\/images\/markers\/markers.png\" data-point-lat=\"49.498765\" data-point-lng=\"5.986247\" data-point-title=\"\" data-point-type=\"image\" data-point-marker-width=\"38\" data-point-marker-height=\"60\"><\/div><\/div>[\/vc_column][\/vc_row][vc_row bg_type=\u00a0\u00bbcolor\u00a0\u00bb padding_top_multiplier=\u00a0\u00bbcustom\u00a0\u00bb padding_bottom_multiplier=\u00a0\u00bbcustom\u00a0\u00bb desktop_visibility=\u00a0\u00bbhide\u00a0\u00bb tablet_visibility=\u00a0\u00bbhide\u00a0\u00bb tablet_sm_visibility=\u00a0\u00bbhide\u00a0\u00bb bg_color=\u00a0\u00bb#e51f2d\u00a0\u00bb padding_top=\u00a0\u00bb75px\u00a0\u00bb padding_bottom=\u00a0\u00bb105px\u00a0\u00bb el_class=\u00a0\u00bbcta-none btn-bkg-red\u00a0\u00bb][vc_column]<div class=\"grve-element grve-align-center custom-btn mobile-btn white-btn grve-fluid-button\"><a href=\"#\" class=\"grve-btn grve-btn-medium grve-extra-round grve-bg-primary-1 grve-bg-hover-primary-1\" style=\"max-width: 515px;\"><span>D\u00e9couvrez le site de notre projet<\/span><\/a><\/div>[\/vc_column][\/vc_row][vc_row padding_top_multiplier=\u00a0\u00bb\u00a0\u00bb padding_bottom_multiplier=\u00a0\u00bb2x\u00a0\u00bb el_class=\u00a0\u00bbnav-project\u00a0\u00bb][vc_column width=\u00a0\u00bb1\/2&Prime;]<div class=\"grve-element grve-box-icon grve-medium grve-side-icon grve-align-left\" style=\"\"><a href=\"\/fr\/projects\/zenobe-gramme\/\" title=\"Zenobe Gramme\"><div class=\"grve-wrapper-icon grve-no-shape\" style=\"\"><i class=\"grve-text-primary-1 fas fa-chevron-left\"><\/i><\/div><div class=\"grve-box-content\"><div class=\"grve-box-title-wrapper\"><div class=\"grve-box-title grve-h3\">Zenobe Gramme<\/div><\/div><\/div><\/a><\/div>[\/vc_column][vc_column width=\u00a0\u00bb1\/2&Prime;]<div class=\"grve-element grve-box-icon grve-medium grve-side-icon grve-align-right\" style=\"\"><a href=\"\/fr\/projects\/birmingham\/\" title=\"Birmingham\"><div class=\"grve-wrapper-icon grve-no-shape\" style=\"\"><i class=\"grve-text-primary-1 fas fa-chevron-right\"><\/i><\/div><div class=\"grve-box-content\"><div class=\"grve-box-title-wrapper\"><div class=\"grve-box-title grve-h3\">Birmingham<\/div><\/div><\/div><\/a><\/div>[\/vc_column][\/vc_row][vc_row heading_color=\u00a0\u00bblight\u00a0\u00bb bg_type=\u00a0\u00bbcolor\u00a0\u00bb equal_column_height=\u00a0\u00bbmiddle-content\u00a0\u00bb bg_color=\u00a0\u00bb#084790&Prime; font_color=\u00a0\u00bb#ffffff\u00a0\u00bb margin_bottom=\u00a0\u00bb0&Prime; el_class=\u00a0\u00bbblue-section\u00a0\u00bb][vc_column width=\u00a0\u00bb2\/3&Prime; css=\u00a0\u00bb.vc_custom_1601036711454{padding-right: 24% !important;}\u00a0\u00bb]<div class=\"grve-empty-space\" style=\"height: 50px;\"><\/div><h2 class=\"grve-element grve-title grve-align-left grve-h3\" style=\"\"><span>Vous \u00eates int\u00e9ress\u00e9s ?<\/span><\/h2><div class=\"grve-empty-space\" style=\"height: 20px;\"><\/div>[vc_column_text]Venez nous rencontrer ou laissez-nous un message.<br \/>\nNous nous ferons un plaisir de vous r\u00e9pondre dans les meilleurs d\u00e9lais.[\/vc_column_text]<div class=\"grve-empty-space\" style=\"height: 50px;\"><\/div>[\/vc_column][vc_column width=\u00a0\u00bb1\/3&Prime;]<div class=\"grve-element grve-align-center custom-btn blue mail btn-small\"><a href=\"mailto:jobs@citblaton.be\" class=\"grve-btn grve-btn-medium grve-extra-round grve-bg-primary-2 grve-bg-hover-primary-2\"><span>Envoyez-nous un e-mail !<\/span><\/a><\/div>[\/vc_column][\/vc_row]<\/p>\n","protected":false},"excerpt":{"rendered":"<p>[vc_row padding_top_multiplier=\u00a0\u00bbcustom\u00a0\u00bb padding_bottom_multiplier=\u00a0\u00bbcustom\u00a0\u00bb padding_top=\u00a0\u00bb110px\u00a0\u00bb el_class=\u00a0\u00bbhome-projects title-project\u00a0\u00bb padding_bottom=\u00a0\u00bb5px\u00a0\u00bb][vc_column][\/vc_column][\/vc_row][vc_row equal_column_height=\u00a0\u00bbmiddle-content\u00a0\u00bb el_class=\u00a0\u00bbsmall-shadow-custom picto-container\u00a0\u00bb margin_bottom=\u00a0\u00bb80px\u00a0\u00bb][vc_column width=\u00a0\u00bb3\/4&Prime; el_class=\u00a0\u00bbcustom-icons\u00a0\u00bb][\/vc_column][vc_column width=\u00a0\u00bb1\/4&Prime; mobile_width=\u00a0\u00bbhide\u00a0\u00bb el_class=\u00a0\u00bbwebsite-btn cta-none\u00a0\u00bb][\/vc_column][\/vc_row][vc_row padding_top_multiplier=\u00a0\u00bbcustom\u00a0\u00bb padding_bottom_multiplier=\u00a0\u00bbcustom\u00a0\u00bb desktop_visibility=\u00a0\u00bbhide\u00a0\u00bb tablet_visibility=\u00a0\u00bbhide\u00a0\u00bb tablet_sm_visibility=\u00a0\u00bbhide\u00a0\u00bb padding_bottom=\u00a0\u00bb70px\u00a0\u00bb padding_top=\u00a0\u00bb30px\u00a0\u00bb el_class=\u00a0\u00bbcta-none\u00a0\u00bb][vc_column][\/vc_column][\/vc_row][vc_row el_class=\u00a0\u00bbresidence\u00a0\u00bb][vc_column width=\u00a0\u00bb2\/3&Prime; css=\u00a0\u00bb.vc_custom_1601384973826{padding-right: 24% !important;}\u00a0\u00bb el_class=\u00a0\u00bbdescription\u00a0\u00bb][vc_column_text text_style=\u00a0\u00bbsubtitle\u00a0\u00bb]Marco Polo est un projet de promotion immobili\u00e8re d\u00e9velopp\u00e9 au Grand-Duch\u00e9 de Luxembourg par CIT Blaton selon l\u2019approche Design &amp; Build. Le complexe Marco [&hellip;]<\/p>\n","protected":false},"author":5,"featured_media":0,"parent":1799,"menu_order":0,"comment_status":"closed","ping_status":"closed","template":"","meta":[],"yoast_head":"<!-- This site is optimized with the Yoast SEO plugin v16.0.2 - https:\/\/yoast.com\/wordpress\/plugins\/seo\/ -->\n<title>Marco Polo - CIT RED<\/title>\n<link rel=\"canonical\" href=\"https:\/\/citred.be\/fr\/projects\/marco-polo\/\" \/>\n<meta property=\"og:locale\" content=\"fr_FR\" \/>\n<meta property=\"og:type\" content=\"article\" \/>\n<meta property=\"og:title\" content=\"Marco Polo - CIT RED\" \/>\n<meta property=\"og:description\" content=\"[vc_row padding_top_multiplier=\u00a0\u00bbcustom\u00a0\u00bb padding_bottom_multiplier=\u00a0\u00bbcustom\u00a0\u00bb padding_top=\u00a0\u00bb110px\u00a0\u00bb el_class=\u00a0\u00bbhome-projects title-project\u00a0\u00bb padding_bottom=\u00a0\u00bb5px\u00a0\u00bb][vc_column][\/vc_column][\/vc_row][vc_row equal_column_height=\u00a0\u00bbmiddle-content\u00a0\u00bb el_class=\u00a0\u00bbsmall-shadow-custom picto-container\u00a0\u00bb margin_bottom=\u00a0\u00bb80px\u00a0\u00bb][vc_column width=\u00a0\u00bb3\/4&Prime; el_class=\u00a0\u00bbcustom-icons\u00a0\u00bb][\/vc_column][vc_column width=\u00a0\u00bb1\/4&Prime; mobile_width=\u00a0\u00bbhide\u00a0\u00bb el_class=\u00a0\u00bbwebsite-btn cta-none\u00a0\u00bb][\/vc_column][\/vc_row][vc_row padding_top_multiplier=\u00a0\u00bbcustom\u00a0\u00bb padding_bottom_multiplier=\u00a0\u00bbcustom\u00a0\u00bb desktop_visibility=\u00a0\u00bbhide\u00a0\u00bb tablet_visibility=\u00a0\u00bbhide\u00a0\u00bb tablet_sm_visibility=\u00a0\u00bbhide\u00a0\u00bb padding_bottom=\u00a0\u00bb70px\u00a0\u00bb padding_top=\u00a0\u00bb30px\u00a0\u00bb el_class=\u00a0\u00bbcta-none\u00a0\u00bb][vc_column][\/vc_column][\/vc_row][vc_row el_class=\u00a0\u00bbresidence\u00a0\u00bb][vc_column width=\u00a0\u00bb2\/3&Prime; css=\u00a0\u00bb.vc_custom_1601384973826{padding-right: 24% !important;}\u00a0\u00bb el_class=\u00a0\u00bbdescription\u00a0\u00bb][vc_column_text text_style=\u00a0\u00bbsubtitle\u00a0\u00bb]Marco Polo est un projet de promotion immobili\u00e8re d\u00e9velopp\u00e9 au Grand-Duch\u00e9 de Luxembourg par CIT Blaton selon l\u2019approche Design &amp; Build. Le complexe Marco [&hellip;]\" \/>\n<meta property=\"og:url\" content=\"https:\/\/citred.be\/fr\/projects\/marco-polo\/\" \/>\n<meta property=\"og:site_name\" content=\"CIT RED\" \/>\n<meta property=\"article:modified_time\" content=\"2020-12-11T11:43:30+00:00\" \/>\n<meta name=\"twitter:card\" content=\"summary_large_image\" \/>\n<meta name=\"twitter:label1\" content=\"Dur\u00e9e de lecture est.\">\n\t<meta name=\"twitter:data1\" content=\"6 minutes\">\n<script type=\"application\/ld+json\" class=\"yoast-schema-graph\">{\"@context\":\"https:\/\/schema.org\",\"@graph\":[{\"@type\":\"WebSite\",\"@id\":\"https:\/\/citred.be\/#website\",\"url\":\"https:\/\/citred.be\/\",\"name\":\"CIT RED\",\"description\":\"\",\"potentialAction\":[{\"@type\":\"SearchAction\",\"target\":\"https:\/\/citred.be\/?s={search_term_string}\",\"query-input\":\"required name=search_term_string\"}],\"inLanguage\":\"fr-FR\"},{\"@type\":\"WebPage\",\"@id\":\"https:\/\/citred.be\/fr\/projects\/marco-polo\/#webpage\",\"url\":\"https:\/\/citred.be\/fr\/projects\/marco-polo\/\",\"name\":\"Marco Polo - CIT RED\",\"isPartOf\":{\"@id\":\"https:\/\/citred.be\/#website\"},\"datePublished\":\"2020-10-08T14:45:18+00:00\",\"dateModified\":\"2020-12-11T11:43:30+00:00\",\"breadcrumb\":{\"@id\":\"https:\/\/citred.be\/fr\/projects\/marco-polo\/#breadcrumb\"},\"inLanguage\":\"fr-FR\",\"potentialAction\":[{\"@type\":\"ReadAction\",\"target\":[\"https:\/\/citred.be\/fr\/projects\/marco-polo\/\"]}]},{\"@type\":\"BreadcrumbList\",\"@id\":\"https:\/\/citred.be\/fr\/projects\/marco-polo\/#breadcrumb\",\"itemListElement\":[{\"@type\":\"ListItem\",\"position\":1,\"item\":{\"@type\":\"WebPage\",\"@id\":\"https:\/\/citred.be\/fr\/\",\"url\":\"https:\/\/citred.be\/fr\/\",\"name\":\"Home\"}},{\"@type\":\"ListItem\",\"position\":2,\"item\":{\"@type\":\"WebPage\",\"@id\":\"https:\/\/citred.be\/fr\/projects\/\",\"url\":\"https:\/\/citred.be\/fr\/projects\/\",\"name\":\"Projets\"}},{\"@type\":\"ListItem\",\"position\":3,\"item\":{\"@type\":\"WebPage\",\"@id\":\"https:\/\/citred.be\/fr\/projects\/marco-polo\/\",\"url\":\"https:\/\/citred.be\/fr\/projects\/marco-polo\/\",\"name\":\"Marco Polo\"}}]}]}<\/script>\n<!-- \/ Yoast SEO plugin. -->","_links":{"self":[{"href":"https:\/\/citred.be\/fr\/wp-json\/wp\/v2\/pages\/1717"}],"collection":[{"href":"https:\/\/citred.be\/fr\/wp-json\/wp\/v2\/pages"}],"about":[{"href":"https:\/\/citred.be\/fr\/wp-json\/wp\/v2\/types\/page"}],"author":[{"embeddable":true,"href":"https:\/\/citred.be\/fr\/wp-json\/wp\/v2\/users\/5"}],"replies":[{"embeddable":true,"href":"https:\/\/citred.be\/fr\/wp-json\/wp\/v2\/comments?post=1717"}],"version-history":[{"count":5,"href":"https:\/\/citred.be\/fr\/wp-json\/wp\/v2\/pages\/1717\/revisions"}],"predecessor-version":[{"id":1873,"href":"https:\/\/citred.be\/fr\/wp-json\/wp\/v2\/pages\/1717\/revisions\/1873"}],"up":[{"embeddable":true,"href":"https:\/\/citred.be\/fr\/wp-json\/wp\/v2\/pages\/1799"}],"wp:attachment":[{"href":"https:\/\/citred.be\/fr\/wp-json\/wp\/v2\/media?parent=1717"}],"curies":[{"name":"wp","href":"https:\/\/api.w.org\/{rel}","templated":true}]}}