{"id":1713,"date":"2020-10-08T14:27:40","date_gmt":"2020-10-08T14:27:40","guid":{"rendered":"https:\/\/citred.iloworks.be\/zenobe-gramme\/"},"modified":"2021-01-05T10:15:33","modified_gmt":"2021-01-05T10:15:33","slug":"zenobe-gramme","status":"publish","type":"page","link":"https:\/\/citred.be\/fr\/projects\/zenobe-gramme\/","title":{"rendered":"Zenobe Gramme"},"content":{"rendered":"<p>[vc_row padding_top_multiplier=\u00a0\u00bbcustom\u00a0\u00bb padding_bottom_multiplier=\u00a0\u00bbcustom\u00a0\u00bb padding_top=\u00a0\u00bb110px\u00a0\u00bb el_class=\u00a0\u00bbhome-projects\u00a0\u00bb padding_bottom=\u00a0\u00bb5px\u00a0\u00bb][vc_column]<div class=\"grve-empty-space mobile-hide\" style=\"height: 60px;\"><\/div><h2 class=\"grve-element grve-title grve-align-center grve-h2 red-title\" style=\"\"><span>Zenobe Gramme<\/span><\/h2><h3 class=\"grve-element grve-title grve-align-center grve-h5 blue-font\" style=\"margin-bottom: 30px;\"><span><br>\nR\u00e9sidence, Schaerbeek \u2014 Belgique<br>\n<\/span><\/h3><div class=\"grve-element grve-image grey-line grve-align-center\" style=\"margin-bottom: 30px;\">  <div class=\"grve-image-wrapper\"><img width=\"1\" height=\"80\" src=\"https:\/\/citred.be\/wp-content\/uploads\/2020\/09\/line-grey-80.png\" class=\"attachment-full size-full\" alt=\"\" loading=\"lazy\" \/>   <\/div><\/div><div class=\"grve-element grve-carousel grve-layout-1 grve-with-gap\" style=\"\">  <div class=\"grve-carousel-wrapper\"><div class=\"grve-carousel-navigation grve-dark grve-navigation-1 grve-navigation-carousel\">\t<div class=\"grve-carousel-buttons\">\t\t<div class=\"grve-carousel-prev\">\t\t\t<i class=\"grve-icon-nav-left-small\"><\/i>\t\t<\/div>\t\t<div class=\"grve-carousel-next\">\t\t\t<i class=\"grve-icon-nav-right-small\"><\/i>\t\t<\/div>\t<\/div><\/div>    <div class=\"grve-carousel-element home-projects\" data-items=\"1\" data-items-tablet-landscape=\"1\" data-items-tablet-portrait=\"1\" data-items-mobile=\"1\" data-slider-autoplay=\"no\" data-slider-speed=\"5000\" data-slider-pause=\"no\" data-pagination-speed=\"400\" data-pagination=\"no\" data-slider-loop=\"yes\" data-gutter-size=\"15\"><div class=\"grve-carousel-item grve-hover-item grve-hover-style-none\">  <figure class=\"grve-image-hover\">    <div class=\"grve-hover-overlay grve-bg-light grve-opacity-0\"><\/div><div class=\"grve-media\"><img width=\"1024\" height=\"448\" src=\"https:\/\/citred.be\/wp-content\/uploads\/2020\/11\/020_CIT_RED_image_projet_Zenobe-1024x448.jpg\" class=\"attachment-large size-large\" alt=\"\" loading=\"lazy\" srcset=\"https:\/\/citred.be\/wp-content\/uploads\/2020\/11\/020_CIT_RED_image_projet_Zenobe-1024x448.jpg 1024w, https:\/\/citred.be\/wp-content\/uploads\/2020\/11\/020_CIT_RED_image_projet_Zenobe-300x131.jpg 300w, https:\/\/citred.be\/wp-content\/uploads\/2020\/11\/020_CIT_RED_image_projet_Zenobe-768x336.jpg 768w, https:\/\/citred.be\/wp-content\/uploads\/2020\/11\/020_CIT_RED_image_projet_Zenobe-1536x671.jpg 1536w, https:\/\/citred.be\/wp-content\/uploads\/2020\/11\/020_CIT_RED_image_projet_Zenobe.jpg 1583w\" sizes=\"(max-width: 1024px) 100vw, 1024px\" \/><\/div>  <\/figure><\/div><div class=\"grve-carousel-item grve-hover-item grve-hover-style-none\">  <figure class=\"grve-image-hover\">    <div class=\"grve-hover-overlay grve-bg-light grve-opacity-0\"><\/div><div class=\"grve-media\"><img width=\"1024\" height=\"448\" src=\"https:\/\/citred.be\/wp-content\/uploads\/2020\/11\/020_CIT_RED_image_projet_Zenobe2-1024x448.jpg\" class=\"attachment-large size-large\" alt=\"\" loading=\"lazy\" srcset=\"https:\/\/citred.be\/wp-content\/uploads\/2020\/11\/020_CIT_RED_image_projet_Zenobe2-1024x448.jpg 1024w, https:\/\/citred.be\/wp-content\/uploads\/2020\/11\/020_CIT_RED_image_projet_Zenobe2-300x131.jpg 300w, https:\/\/citred.be\/wp-content\/uploads\/2020\/11\/020_CIT_RED_image_projet_Zenobe2-768x336.jpg 768w, https:\/\/citred.be\/wp-content\/uploads\/2020\/11\/020_CIT_RED_image_projet_Zenobe2-1536x671.jpg 1536w, https:\/\/citred.be\/wp-content\/uploads\/2020\/11\/020_CIT_RED_image_projet_Zenobe2.jpg 1583w\" sizes=\"(max-width: 1024px) 100vw, 1024px\" \/><\/div>  <\/figure><\/div><div class=\"grve-carousel-item grve-hover-item grve-hover-style-none\">  <figure class=\"grve-image-hover\">    <div class=\"grve-hover-overlay grve-bg-light grve-opacity-0\"><\/div><div class=\"grve-media\"><img width=\"1024\" height=\"448\" src=\"https:\/\/citred.be\/wp-content\/uploads\/2020\/11\/020_CIT_RED_image_projet_Zenobe3-1024x448.jpg\" class=\"attachment-large size-large\" alt=\"\" loading=\"lazy\" srcset=\"https:\/\/citred.be\/wp-content\/uploads\/2020\/11\/020_CIT_RED_image_projet_Zenobe3-1024x448.jpg 1024w, https:\/\/citred.be\/wp-content\/uploads\/2020\/11\/020_CIT_RED_image_projet_Zenobe3-300x131.jpg 300w, https:\/\/citred.be\/wp-content\/uploads\/2020\/11\/020_CIT_RED_image_projet_Zenobe3-768x336.jpg 768w, https:\/\/citred.be\/wp-content\/uploads\/2020\/11\/020_CIT_RED_image_projet_Zenobe3-1536x671.jpg 1536w, https:\/\/citred.be\/wp-content\/uploads\/2020\/11\/020_CIT_RED_image_projet_Zenobe3.jpg 1583w\" sizes=\"(max-width: 1024px) 100vw, 1024px\" \/><\/div>  <\/figure><\/div><div class=\"grve-carousel-item grve-hover-item grve-hover-style-none\">  <figure class=\"grve-image-hover\">    <div class=\"grve-hover-overlay grve-bg-light grve-opacity-0\"><\/div><div class=\"grve-media\"><img width=\"1024\" height=\"448\" src=\"https:\/\/citred.be\/wp-content\/uploads\/2020\/11\/020_CIT_RED_image_projet_Zenobe4-1024x448.jpg\" class=\"attachment-large size-large\" alt=\"\" loading=\"lazy\" srcset=\"https:\/\/citred.be\/wp-content\/uploads\/2020\/11\/020_CIT_RED_image_projet_Zenobe4-1024x448.jpg 1024w, https:\/\/citred.be\/wp-content\/uploads\/2020\/11\/020_CIT_RED_image_projet_Zenobe4-300x131.jpg 300w, https:\/\/citred.be\/wp-content\/uploads\/2020\/11\/020_CIT_RED_image_projet_Zenobe4-768x336.jpg 768w, https:\/\/citred.be\/wp-content\/uploads\/2020\/11\/020_CIT_RED_image_projet_Zenobe4-1536x671.jpg 1536w, https:\/\/citred.be\/wp-content\/uploads\/2020\/11\/020_CIT_RED_image_projet_Zenobe4.jpg 1583w\" sizes=\"(max-width: 1024px) 100vw, 1024px\" \/><\/div>  <\/figure><\/div><div class=\"grve-carousel-item grve-hover-item grve-hover-style-none\">  <figure class=\"grve-image-hover\">    <div class=\"grve-hover-overlay grve-bg-light grve-opacity-0\"><\/div><div class=\"grve-media\"><img width=\"1024\" height=\"448\" src=\"https:\/\/citred.be\/wp-content\/uploads\/2020\/11\/020_CIT_RED_image_projet_Zenobe5-1024x448.jpg\" class=\"attachment-large size-large\" alt=\"\" loading=\"lazy\" srcset=\"https:\/\/citred.be\/wp-content\/uploads\/2020\/11\/020_CIT_RED_image_projet_Zenobe5-1024x448.jpg 1024w, https:\/\/citred.be\/wp-content\/uploads\/2020\/11\/020_CIT_RED_image_projet_Zenobe5-300x131.jpg 300w, https:\/\/citred.be\/wp-content\/uploads\/2020\/11\/020_CIT_RED_image_projet_Zenobe5-768x336.jpg 768w, https:\/\/citred.be\/wp-content\/uploads\/2020\/11\/020_CIT_RED_image_projet_Zenobe5-1536x671.jpg 1536w, https:\/\/citred.be\/wp-content\/uploads\/2020\/11\/020_CIT_RED_image_projet_Zenobe5.jpg 1583w\" sizes=\"(max-width: 1024px) 100vw, 1024px\" \/><\/div>  <\/figure><\/div><div class=\"grve-carousel-item grve-hover-item grve-hover-style-none\">  <figure class=\"grve-image-hover\">    <div class=\"grve-hover-overlay grve-bg-light grve-opacity-0\"><\/div><div class=\"grve-media\"><img width=\"1024\" height=\"448\" src=\"https:\/\/citred.be\/wp-content\/uploads\/2020\/11\/020_CIT_RED_image_projet_Zenobe6-1024x448.jpg\" class=\"attachment-large size-large\" alt=\"\" loading=\"lazy\" srcset=\"https:\/\/citred.be\/wp-content\/uploads\/2020\/11\/020_CIT_RED_image_projet_Zenobe6-1024x448.jpg 1024w, https:\/\/citred.be\/wp-content\/uploads\/2020\/11\/020_CIT_RED_image_projet_Zenobe6-300x131.jpg 300w, https:\/\/citred.be\/wp-content\/uploads\/2020\/11\/020_CIT_RED_image_projet_Zenobe6-768x336.jpg 768w, https:\/\/citred.be\/wp-content\/uploads\/2020\/11\/020_CIT_RED_image_projet_Zenobe6-1536x671.jpg 1536w, https:\/\/citred.be\/wp-content\/uploads\/2020\/11\/020_CIT_RED_image_projet_Zenobe6.jpg 1583w\" sizes=\"(max-width: 1024px) 100vw, 1024px\" \/><\/div>  <\/figure><\/div><div class=\"grve-carousel-item grve-hover-item grve-hover-style-none\">  <figure class=\"grve-image-hover\">    <div class=\"grve-hover-overlay grve-bg-light grve-opacity-0\"><\/div><div class=\"grve-media\"><img width=\"1024\" height=\"448\" src=\"https:\/\/citred.be\/wp-content\/uploads\/2020\/11\/020_CIT_RED_image_projet_Zenobe7-1024x448.jpg\" class=\"attachment-large size-large\" alt=\"\" loading=\"lazy\" srcset=\"https:\/\/citred.be\/wp-content\/uploads\/2020\/11\/020_CIT_RED_image_projet_Zenobe7-1024x448.jpg 1024w, https:\/\/citred.be\/wp-content\/uploads\/2020\/11\/020_CIT_RED_image_projet_Zenobe7-300x131.jpg 300w, https:\/\/citred.be\/wp-content\/uploads\/2020\/11\/020_CIT_RED_image_projet_Zenobe7-768x336.jpg 768w, https:\/\/citred.be\/wp-content\/uploads\/2020\/11\/020_CIT_RED_image_projet_Zenobe7-1536x671.jpg 1536w, https:\/\/citred.be\/wp-content\/uploads\/2020\/11\/020_CIT_RED_image_projet_Zenobe7.jpg 1583w\" sizes=\"(max-width: 1024px) 100vw, 1024px\" \/><\/div>  <\/figure><\/div><div class=\"grve-carousel-item grve-hover-item grve-hover-style-none\">  <figure class=\"grve-image-hover\">    <div class=\"grve-hover-overlay grve-bg-light grve-opacity-0\"><\/div><div class=\"grve-media\"><img width=\"1024\" height=\"448\" src=\"https:\/\/citred.be\/wp-content\/uploads\/2020\/11\/020_CIT_RED_image_projet_Zenobe8-1024x448.jpg\" class=\"attachment-large size-large\" alt=\"\" loading=\"lazy\" srcset=\"https:\/\/citred.be\/wp-content\/uploads\/2020\/11\/020_CIT_RED_image_projet_Zenobe8-1024x448.jpg 1024w, https:\/\/citred.be\/wp-content\/uploads\/2020\/11\/020_CIT_RED_image_projet_Zenobe8-300x131.jpg 300w, https:\/\/citred.be\/wp-content\/uploads\/2020\/11\/020_CIT_RED_image_projet_Zenobe8-768x336.jpg 768w, https:\/\/citred.be\/wp-content\/uploads\/2020\/11\/020_CIT_RED_image_projet_Zenobe8-1536x671.jpg 1536w, https:\/\/citred.be\/wp-content\/uploads\/2020\/11\/020_CIT_RED_image_projet_Zenobe8.jpg 1583w\" sizes=\"(max-width: 1024px) 100vw, 1024px\" \/><\/div>  <\/figure><\/div><div class=\"grve-carousel-item grve-hover-item grve-hover-style-none\">  <figure class=\"grve-image-hover\">    <div class=\"grve-hover-overlay grve-bg-light grve-opacity-0\"><\/div><div class=\"grve-media\"><img width=\"1024\" height=\"448\" src=\"https:\/\/citred.be\/wp-content\/uploads\/2020\/11\/020_CIT_RED_image_projet_Zenobe9-1024x448.jpg\" class=\"attachment-large size-large\" alt=\"\" loading=\"lazy\" srcset=\"https:\/\/citred.be\/wp-content\/uploads\/2020\/11\/020_CIT_RED_image_projet_Zenobe9-1024x448.jpg 1024w, https:\/\/citred.be\/wp-content\/uploads\/2020\/11\/020_CIT_RED_image_projet_Zenobe9-300x131.jpg 300w, https:\/\/citred.be\/wp-content\/uploads\/2020\/11\/020_CIT_RED_image_projet_Zenobe9-768x336.jpg 768w, https:\/\/citred.be\/wp-content\/uploads\/2020\/11\/020_CIT_RED_image_projet_Zenobe9-1536x671.jpg 1536w, https:\/\/citred.be\/wp-content\/uploads\/2020\/11\/020_CIT_RED_image_projet_Zenobe9.jpg 1583w\" sizes=\"(max-width: 1024px) 100vw, 1024px\" \/><\/div>  <\/figure><\/div>\t  <\/div>\t<\/div><\/div>[\/vc_column][\/vc_row][vc_row equal_column_height=\u00a0\u00bbmiddle-content\u00a0\u00bb el_class=\u00a0\u00bbsmall-shadow-custom picto-container\u00a0\u00bb margin_bottom=\u00a0\u00bb80px\u00a0\u00bb][vc_column width=\u00a0\u00bb3\/4&Prime; el_class=\u00a0\u00bbcustom-icons\u00a0\u00bb]<div class=\"grve-element grve-box-icon grve-extra-small grve-top-icon grve-align-center\" style=\"\"><div class=\"grve-image-icon\"><img width=\"60\" height=\"60\" src=\"https:\/\/citred.be\/wp-content\/uploads\/2020\/10\/CITRED_Residential.png\" class=\"attachment-full size-full\" alt=\"\" loading=\"lazy\" \/><\/div><div class=\"grve-box-content\"><div class=\"grve-box-title-wrapper\"><h5 class=\"grve-box-title grve-subtitle-text\">R\u00e9sidentiel<\/h5><\/div><\/div><\/div><div class=\"grve-element grve-box-icon grve-extra-small grve-top-icon grve-align-center\" style=\"\"><div class=\"grve-image-icon\"><img width=\"60\" height=\"60\" src=\"https:\/\/citred.be\/wp-content\/uploads\/2020\/10\/CITRED_Bicycle_Parking.png\" class=\"attachment-full size-full\" alt=\"\" loading=\"lazy\" \/><\/div><div class=\"grve-box-content\"><div class=\"grve-box-title-wrapper\"><h5 class=\"grve-box-title grve-subtitle-text\">Parking v\u00e9lo<\/h5><\/div><\/div><\/div><div class=\"grve-element grve-box-icon grve-extra-small grve-top-icon grve-align-center\" style=\"\"><div class=\"grve-image-icon\"><img width=\"60\" height=\"60\" src=\"https:\/\/citred.be\/wp-content\/uploads\/2020\/10\/CITRED_access_to_transports.png\" class=\"attachment-full size-full\" alt=\"\" loading=\"lazy\" \/><\/div><div class=\"grve-box-content\"><div class=\"grve-box-title-wrapper\"><h5 class=\"grve-box-title grve-subtitle-text\">Acc\u00e8s aux transports publics<\/h5><\/div><\/div><\/div>[\/vc_column][vc_column width=\u00a0\u00bb1\/4&Prime; mobile_width=\u00a0\u00bbhide\u00a0\u00bb el_class=\u00a0\u00bbwebsite-btn cta-none\u00a0\u00bb]<div class=\"grve-element grve-align-center custom-btn btn-small\"><a href=\"#\" class=\"grve-btn grve-btn-medium grve-extra-round grve-bg-primary-1 grve-bg-hover-primary-1\"><span>website<\/span><\/a><\/div>[\/vc_column][\/vc_row][vc_row el_class=\u00a0\u00bbresidence\u00a0\u00bb][vc_column width=\u00a0\u00bb2\/3&Prime; css=\u00a0\u00bb.vc_custom_1601384973826{padding-right: 24% !important;}\u00a0\u00bb el_class=\u00a0\u00bbdescription\u00a0\u00bb]<h2 class=\"grve-element grve-title grve-align-left grve-animated-item grve-duration-normal grve-fade-in-left grve-h3 medium-title red-title\" style=\"\" data-delay=\"200\"><span>R\u00e9sidence<\/span><\/h2><div class=\"grve-empty-space space-title\" style=\"height: 50px;\"><\/div>[vc_column_text text_style=\u00a0\u00bbsubtitle\u00a0\u00bb]Transformation et r\u00e9am\u00e9nagement de deux \u00e9tages de bureaux situ\u00e9s au rez-de-chauss\u00e9e et au premier \u00e9tage en dix appartements r\u00e9sidentiels, un bureauet un garage.<\/p>\n<p>Les travaux comprennent la d\u00e9molition partielle de la dalle de b\u00e9ton recouvrant le rez-de-chauss\u00e9e afin de cr\u00e9er, de jolies vues pour les nouveaux appartements (de 65 \u00e0 167 m\u00b2) et l\u2019am\u00e9nagement d\u2019une toiture v\u00e9g\u00e9tale.<\/p>\n<p>Le projet s\u2019\u00e9tend sur une surface totale de 1 334 m2.[\/vc_column_text]<div class=\"grve-empty-space space-btn\" style=\"height: 170px;\"><\/div><div class=\"grve-element grve-align-center custom-cta cta-none grve-fluid-button\"><a href=\"#\" class=\"grve-btn grve-btn-medium grve-extra-round grve-bg-primary-6 grve-bg-hover-primary-1\" style=\"max-width: 515px;\"><span>D\u00e9couvrez l'ensemble du projet<\/span><\/a><\/div>[\/vc_column][vc_column width=\u00a0\u00bb1\/3&Prime; heading_color=\u00a0\u00bbprimary-2&Prime; shadow=\u00a0\u00bbsmall\u00a0\u00bb font_color=\u00a0\u00bb#2f2643&Prime; css=\u00a0\u00bb.vc_custom_1601387569382{padding-top: 55px !important;padding-right: 55px !important;padding-bottom: 55px !important;padding-left: 55px !important;}\u00a0\u00bb el_class=\u00a0\u00bbinfos\u00a0\u00bb]<h5 class=\"grve-element grve-title grve-align-left grve-subtitle-text red-font\" style=\"\"><span>SOLD OUT<\/span><\/h5><div class=\"grve-empty-space descript-empty\" style=\"height: 50px;\"><\/div><h5 class=\"grve-element grve-title grve-align-left grve-subtitle-text\" style=\"\"><span>Surface totale du projet<\/span><\/h5>[vc_column_text text_style=\u00a0\u00bbsubtitle\u00a0\u00bb]1.334 m\u00b2[\/vc_column_text]<div class=\"grve-empty-space descript-empty\" style=\"height: 50px;\"><\/div><h5 class=\"grve-element grve-title grve-align-left grve-subtitle-text\" style=\"\"><span>Nombre d\u2019unit\u00e9s<\/span><\/h5>[vc_column_text text_style=\u00a0\u00bbsubtitle\u00a0\u00bb]Dix appartements (une chambre, deux chambres, trois chambres, quatre chambres) et un bureau[\/vc_column_text]<div class=\"grve-empty-space descript-empty\" style=\"height: 50px;\"><\/div><h5 class=\"grve-element grve-title grve-align-left grve-subtitle-text\" style=\"\"><span>Surface des unit\u00e9s r\u00e9sidentielles<\/span><\/h5>[vc_column_text text_style=\u00a0\u00bbsubtitle\u00a0\u00bb]From 65m\u00b2 to 167 m\u00b2[\/vc_column_text]<div class=\"grve-empty-space descript-empty\" style=\"height: 50px;\"><\/div><h5 class=\"grve-element grve-title grve-align-left grve-subtitle-text\" style=\"\"><span>Architecte<\/span><\/h5>[vc_column_text text_style=\u00a0\u00bbsubtitle\u00a0\u00bb]Altiplan[\/vc_column_text]<div class=\"grve-empty-space descript-empty\" style=\"height: 50px;\"><\/div><h5 class=\"grve-element grve-title grve-align-left grve-subtitle-text\" style=\"\"><span>D\u00e9lai<\/span><\/h5>[vc_column_text text_style=\u00a0\u00bbsubtitle\u00a0\u00bb]Livraison : Septembre 2019[\/vc_column_text]<div class=\"grve-empty-space descript-empty\" style=\"height: 50px;\"><\/div><h5 class=\"grve-element grve-title grve-align-left grve-subtitle-text link-dnl\" style=\"\"><span>UN PROJET CIT RED<\/span><\/h5><div class=\"grve-empty-space space-location\" style=\"height: 300px;\"><\/div><h5 class=\"grve-element grve-title grve-align-left grve-subtitle-text red-font\" style=\"margin-bottom: 20px;\"><span>Adresse<\/span><\/h5>[vc_column_text text_style=\u00a0\u00bbsubtitle\u00a0\u00bb css=\u00a0\u00bb.vc_custom_1602167223313{margin-bottom: 30px !important;}\u00a0\u00bb]Avenue Jean Jaur\u00e8s 73<br \/>\n1030 Schaerbeek<br \/>\nBelgium[\/vc_column_text]<div class=\"grve-map-wrapper\"><div class=\"grve-element grve-map project-map\" data-lat=\"50.87836370784823\" data-lng=\"4.386257633903803\" data-zoom=\"14\" data-disable-style=\"no\" style=\"height: 250px;\"><\/div>  <div style=\"display:none\" class=\"grve-map-point\" data-point-marker=\"\/\/citred.be\/wp-content\/themes\/movedo\/images\/markers\/markers.png\" data-point-lat=\"50.87836370784823\" data-point-lng=\"4.386257633903803\" data-point-title=\"\" data-point-type=\"image\" data-point-marker-width=\"38\" data-point-marker-height=\"60\"><\/div><\/div>[\/vc_column][\/vc_row][vc_row bg_type=\u00a0\u00bbcolor\u00a0\u00bb padding_top_multiplier=\u00a0\u00bbcustom\u00a0\u00bb padding_bottom_multiplier=\u00a0\u00bbcustom\u00a0\u00bb desktop_visibility=\u00a0\u00bbhide\u00a0\u00bb tablet_visibility=\u00a0\u00bbhide\u00a0\u00bb tablet_sm_visibility=\u00a0\u00bbhide\u00a0\u00bb bg_color=\u00a0\u00bb#e51f2d\u00a0\u00bb padding_top=\u00a0\u00bb75px\u00a0\u00bb padding_bottom=\u00a0\u00bb105px\u00a0\u00bb el_class=\u00a0\u00bbcta-none btn-bkg-red\u00a0\u00bb][vc_column]<div class=\"grve-element grve-align-center custom-btn mobile-btn white-btn grve-fluid-button\"><a href=\"#\" class=\"grve-btn grve-btn-medium grve-extra-round grve-bg-primary-1 grve-bg-hover-primary-1\" style=\"max-width: 515px;\"><span>D\u00e9couvrez l'ensemble du projet<\/span><\/a><\/div>[\/vc_column][\/vc_row][vc_row padding_top_multiplier=\u00a0\u00bb\u00a0\u00bb padding_bottom_multiplier=\u00a0\u00bb2x\u00a0\u00bb el_class=\u00a0\u00bbnav-project\u00a0\u00bb][vc_column width=\u00a0\u00bb1\/2&Prime;]<div class=\"grve-element grve-box-icon grve-medium grve-side-icon grve-align-left\" style=\"\"><a href=\"\/fr\/projects\/marivo\/\" title=\"Mariv\u00f4\"><div class=\"grve-wrapper-icon grve-no-shape\" style=\"\"><i class=\"grve-text-primary-1 fas fa-chevron-left\"><\/i><\/div><div class=\"grve-box-content\"><div class=\"grve-box-title-wrapper\"><div class=\"grve-box-title grve-h3\">Mariv\u00f4<\/div><\/div><\/div><\/a><\/div>[\/vc_column][vc_column width=\u00a0\u00bb1\/2&Prime;]<div class=\"grve-element grve-box-icon grve-medium grve-side-icon grve-align-right\" style=\"\"><a href=\"\/fr\/marco-polo\/\" title=\"Marco Polo\"><div class=\"grve-wrapper-icon grve-no-shape\" style=\"\"><i class=\"grve-text-primary-1 fas fa-chevron-right\"><\/i><\/div><div class=\"grve-box-content\"><div class=\"grve-box-title-wrapper\"><div class=\"grve-box-title grve-h3\">Marco Polo<\/div><\/div><\/div><\/a><\/div>[\/vc_column][\/vc_row][vc_row heading_color=\u00a0\u00bblight\u00a0\u00bb bg_type=\u00a0\u00bbcolor\u00a0\u00bb equal_column_height=\u00a0\u00bbmiddle-content\u00a0\u00bb bg_color=\u00a0\u00bb#084790&Prime; font_color=\u00a0\u00bb#ffffff\u00a0\u00bb margin_bottom=\u00a0\u00bb0&Prime; el_class=\u00a0\u00bbblue-section\u00a0\u00bb][vc_column width=\u00a0\u00bb2\/3&Prime; css=\u00a0\u00bb.vc_custom_1601036711454{padding-right: 24% !important;}\u00a0\u00bb]<div class=\"grve-empty-space\" style=\"height: 50px;\"><\/div><h2 class=\"grve-element grve-title grve-align-left grve-h3\" style=\"\"><span>Vous \u00eates int\u00e9ress\u00e9s ?<\/span><\/h2><div class=\"grve-empty-space\" style=\"height: 20px;\"><\/div>[vc_column_text]Venez nous rencontrer ou laissez-nous un message.<br \/>\nNous nous ferons un plaisir de vous r\u00e9pondre dans les meilleurs d\u00e9lais.[\/vc_column_text]<div class=\"grve-empty-space\" style=\"height: 50px;\"><\/div>[\/vc_column][vc_column width=\u00a0\u00bb1\/3&Prime;]<div class=\"grve-element grve-align-center custom-btn blue mail btn-small\"><a href=\"mailto:jobs@citblaton.be\" class=\"grve-btn grve-btn-medium grve-extra-round grve-bg-primary-2 grve-bg-hover-primary-2\"><span>\u00c9crivez nous !<\/span><\/a><\/div>[\/vc_column][\/vc_row]<\/p>\n","protected":false},"excerpt":{"rendered":"<p>[vc_row padding_top_multiplier=\u00a0\u00bbcustom\u00a0\u00bb padding_bottom_multiplier=\u00a0\u00bbcustom\u00a0\u00bb padding_top=\u00a0\u00bb110px\u00a0\u00bb el_class=\u00a0\u00bbhome-projects\u00a0\u00bb padding_bottom=\u00a0\u00bb5px\u00a0\u00bb][vc_column][\/vc_column][\/vc_row][vc_row equal_column_height=\u00a0\u00bbmiddle-content\u00a0\u00bb el_class=\u00a0\u00bbsmall-shadow-custom picto-container\u00a0\u00bb margin_bottom=\u00a0\u00bb80px\u00a0\u00bb][vc_column width=\u00a0\u00bb3\/4&Prime; el_class=\u00a0\u00bbcustom-icons\u00a0\u00bb][\/vc_column][vc_column width=\u00a0\u00bb1\/4&Prime; mobile_width=\u00a0\u00bbhide\u00a0\u00bb el_class=\u00a0\u00bbwebsite-btn cta-none\u00a0\u00bb][\/vc_column][\/vc_row][vc_row el_class=\u00a0\u00bbresidence\u00a0\u00bb][vc_column width=\u00a0\u00bb2\/3&Prime; css=\u00a0\u00bb.vc_custom_1601384973826{padding-right: 24% !important;}\u00a0\u00bb el_class=\u00a0\u00bbdescription\u00a0\u00bb][vc_column_text text_style=\u00a0\u00bbsubtitle\u00a0\u00bb]Transformation et r\u00e9am\u00e9nagement de deux \u00e9tages de bureaux situ\u00e9s au rez-de-chauss\u00e9e et au premier \u00e9tage en dix appartements r\u00e9sidentiels, un bureauet un garage. Les travaux comprennent la d\u00e9molition partielle de la dalle de [&hellip;]<\/p>\n","protected":false},"author":5,"featured_media":0,"parent":1799,"menu_order":0,"comment_status":"closed","ping_status":"closed","template":"","meta":[],"yoast_head":"<!-- This site is optimized with the Yoast SEO plugin v16.0.2 - https:\/\/yoast.com\/wordpress\/plugins\/seo\/ -->\n<title>Zenobe Gramme - CIT RED<\/title>\n<link rel=\"canonical\" href=\"https:\/\/citred.be\/fr\/projects\/zenobe-gramme\/\" \/>\n<meta property=\"og:locale\" content=\"fr_FR\" \/>\n<meta property=\"og:type\" content=\"article\" \/>\n<meta property=\"og:title\" content=\"Zenobe Gramme - CIT RED\" \/>\n<meta property=\"og:description\" content=\"[vc_row padding_top_multiplier=\u00a0\u00bbcustom\u00a0\u00bb padding_bottom_multiplier=\u00a0\u00bbcustom\u00a0\u00bb padding_top=\u00a0\u00bb110px\u00a0\u00bb el_class=\u00a0\u00bbhome-projects\u00a0\u00bb padding_bottom=\u00a0\u00bb5px\u00a0\u00bb][vc_column][\/vc_column][\/vc_row][vc_row equal_column_height=\u00a0\u00bbmiddle-content\u00a0\u00bb el_class=\u00a0\u00bbsmall-shadow-custom picto-container\u00a0\u00bb margin_bottom=\u00a0\u00bb80px\u00a0\u00bb][vc_column width=\u00a0\u00bb3\/4&Prime; el_class=\u00a0\u00bbcustom-icons\u00a0\u00bb][\/vc_column][vc_column width=\u00a0\u00bb1\/4&Prime; mobile_width=\u00a0\u00bbhide\u00a0\u00bb el_class=\u00a0\u00bbwebsite-btn cta-none\u00a0\u00bb][\/vc_column][\/vc_row][vc_row el_class=\u00a0\u00bbresidence\u00a0\u00bb][vc_column width=\u00a0\u00bb2\/3&Prime; css=\u00a0\u00bb.vc_custom_1601384973826{padding-right: 24% !important;}\u00a0\u00bb el_class=\u00a0\u00bbdescription\u00a0\u00bb][vc_column_text text_style=\u00a0\u00bbsubtitle\u00a0\u00bb]Transformation et r\u00e9am\u00e9nagement de deux \u00e9tages de bureaux situ\u00e9s au rez-de-chauss\u00e9e et au premier \u00e9tage en dix appartements r\u00e9sidentiels, un bureauet un garage. Les travaux comprennent la d\u00e9molition partielle de la dalle de [&hellip;]\" \/>\n<meta property=\"og:url\" content=\"https:\/\/citred.be\/fr\/projects\/zenobe-gramme\/\" \/>\n<meta property=\"og:site_name\" content=\"CIT RED\" \/>\n<meta property=\"article:modified_time\" content=\"2021-01-05T10:15:33+00:00\" \/>\n<meta name=\"twitter:card\" content=\"summary_large_image\" \/>\n<meta name=\"twitter:label1\" content=\"Dur\u00e9e de lecture est.\">\n\t<meta name=\"twitter:data1\" content=\"5 minutes\">\n<script type=\"application\/ld+json\" class=\"yoast-schema-graph\">{\"@context\":\"https:\/\/schema.org\",\"@graph\":[{\"@type\":\"WebSite\",\"@id\":\"https:\/\/citred.be\/#website\",\"url\":\"https:\/\/citred.be\/\",\"name\":\"CIT RED\",\"description\":\"\",\"potentialAction\":[{\"@type\":\"SearchAction\",\"target\":\"https:\/\/citred.be\/?s={search_term_string}\",\"query-input\":\"required name=search_term_string\"}],\"inLanguage\":\"fr-FR\"},{\"@type\":\"WebPage\",\"@id\":\"https:\/\/citred.be\/fr\/projects\/zenobe-gramme\/#webpage\",\"url\":\"https:\/\/citred.be\/fr\/projects\/zenobe-gramme\/\",\"name\":\"Zenobe Gramme - CIT RED\",\"isPartOf\":{\"@id\":\"https:\/\/citred.be\/#website\"},\"datePublished\":\"2020-10-08T14:27:40+00:00\",\"dateModified\":\"2021-01-05T10:15:33+00:00\",\"breadcrumb\":{\"@id\":\"https:\/\/citred.be\/fr\/projects\/zenobe-gramme\/#breadcrumb\"},\"inLanguage\":\"fr-FR\",\"potentialAction\":[{\"@type\":\"ReadAction\",\"target\":[\"https:\/\/citred.be\/fr\/projects\/zenobe-gramme\/\"]}]},{\"@type\":\"BreadcrumbList\",\"@id\":\"https:\/\/citred.be\/fr\/projects\/zenobe-gramme\/#breadcrumb\",\"itemListElement\":[{\"@type\":\"ListItem\",\"position\":1,\"item\":{\"@type\":\"WebPage\",\"@id\":\"https:\/\/citred.be\/fr\/\",\"url\":\"https:\/\/citred.be\/fr\/\",\"name\":\"Home\"}},{\"@type\":\"ListItem\",\"position\":2,\"item\":{\"@type\":\"WebPage\",\"@id\":\"https:\/\/citred.be\/fr\/projects\/\",\"url\":\"https:\/\/citred.be\/fr\/projects\/\",\"name\":\"Projets\"}},{\"@type\":\"ListItem\",\"position\":3,\"item\":{\"@type\":\"WebPage\",\"@id\":\"https:\/\/citred.be\/fr\/projects\/zenobe-gramme\/\",\"url\":\"https:\/\/citred.be\/fr\/projects\/zenobe-gramme\/\",\"name\":\"Zenobe Gramme\"}}]}]}<\/script>\n<!-- \/ Yoast SEO plugin. -->","_links":{"self":[{"href":"https:\/\/citred.be\/fr\/wp-json\/wp\/v2\/pages\/1713"}],"collection":[{"href":"https:\/\/citred.be\/fr\/wp-json\/wp\/v2\/pages"}],"about":[{"href":"https:\/\/citred.be\/fr\/wp-json\/wp\/v2\/types\/page"}],"author":[{"embeddable":true,"href":"https:\/\/citred.be\/fr\/wp-json\/wp\/v2\/users\/5"}],"replies":[{"embeddable":true,"href":"https:\/\/citred.be\/fr\/wp-json\/wp\/v2\/comments?post=1713"}],"version-history":[{"count":8,"href":"https:\/\/citred.be\/fr\/wp-json\/wp\/v2\/pages\/1713\/revisions"}],"predecessor-version":[{"id":1930,"href":"https:\/\/citred.be\/fr\/wp-json\/wp\/v2\/pages\/1713\/revisions\/1930"}],"up":[{"embeddable":true,"href":"https:\/\/citred.be\/fr\/wp-json\/wp\/v2\/pages\/1799"}],"wp:attachment":[{"href":"https:\/\/citred.be\/fr\/wp-json\/wp\/v2\/media?parent=1713"}],"curies":[{"name":"wp","href":"https:\/\/api.w.org\/{rel}","templated":true}]}}