{"id":1686,"date":"2020-09-24T13:03:50","date_gmt":"2020-09-24T13:03:50","guid":{"rendered":"https:\/\/citred.iloworks.be\/about\/"},"modified":"2026-01-06T14:04:48","modified_gmt":"2026-01-06T13:04:48","slug":"a_propos","status":"publish","type":"page","link":"https:\/\/citred.be\/fr\/a_propos\/","title":{"rendered":"\u00c0 propos"},"content":{"rendered":"<p>[vc_row padding_top_multiplier=\u00a0\u00bbcustom\u00a0\u00bb padding_bottom_multiplier=\u00a0\u00bbcustom\u00a0\u00bb padding_top=\u00a0\u00bb110px\u00a0\u00bb padding_bottom=\u00a0\u00bb5px\u00a0\u00bb el_class=\u00a0\u00bbhome-projects title-project\u00a0\u00bb][vc_column]<div class=\"grve-empty-space mobile-hide\" style=\"height: 60px;\"><\/div><h1 class=\"grve-element grve-title grve-align-center grve-animated-item grve-duration-very-fast grve-fade-in-up grve-h2 red-title\" style=\"\" data-delay=\"0\"><span>\u00c0 propos<\/span><\/h1><div class=\"grve-empty-space mobile-hide\" style=\"height: 50px;\"><\/div><div class=\"grve-element grve-image grey-line grve-align-center\" style=\"margin-bottom: 30px;\">  <div class=\"grve-image-wrapper\"><img width=\"1\" height=\"80\" src=\"https:\/\/citred.be\/wp-content\/uploads\/2020\/09\/line-grey-80.png\" class=\"attachment-full size-full\" alt=\"\" loading=\"lazy\" \/>   <\/div><\/div><div class=\"grve-empty-space\" style=\"height: 50px;\"><\/div>[\/vc_column][\/vc_row][vc_row padding_top_multiplier=\u00a0\u00bb\u00a0\u00bb equal_column_height=\u00a0\u00bbequal-column\u00a0\u00bb][vc_column width=\u00a0\u00bb1\/4&Prime; tablet_sm_width=\u00a0\u00bbhide\u00a0\u00bb mobile_width=\u00a0\u00bbhide\u00a0\u00bb]<div class=\"grve-element grve-image men-fill grve-align-left\" style=\"\">  <div class=\"grve-image-wrapper\"><img width=\"242\" height=\"900\" src=\"https:\/\/citred.be\/wp-content\/uploads\/2020\/09\/men-1-900x242x2.png\" class=\"attachment-full size-full\" alt=\"\" loading=\"lazy\" srcset=\"https:\/\/citred.be\/wp-content\/uploads\/2020\/09\/men-1-900x242x2.png 242w, https:\/\/citred.be\/wp-content\/uploads\/2020\/09\/men-1-900x242x2-81x300.png 81w\" sizes=\"(max-width: 242px) 100vw, 242px\" \/>   <\/div><\/div>[\/vc_column][vc_column width=\u00a0\u00bb1\/2&Prime; tablet_sm_width=\u00a0\u00bb1&Prime; tablet_text_align=\u00a0\u00bbleft\u00a0\u00bb tablet_sm_text_align=\u00a0\u00bbleft\u00a0\u00bb mobile_text_align=\u00a0\u00bbleft\u00a0\u00bb][vc_column_text text_style=\u00a0\u00bbsubtitle\u00a0\u00bb]<\/p>\n<p style=\"text-align: center;\">Fond\u00e9e en 2016, CIT Red (CIT Blaton Real Estate Development) est une soci\u00e9t\u00e9 de promotion immobili\u00e8re pr\u00e9sente dans tous les secteurs en Belgique et au Grand-Duch\u00e9 de Luxembourg.<\/p>\n<p>&nbsp;<\/p>\n<p style=\"text-align: center;\">La soci\u00e9t\u00e9 est dirig\u00e9e par Laurent MALARD qui poss\u00e8de vingt ans d\u2019exp\u00e9rience dans l\u2019immobilier en France, en Belgique et au Grand-Duch\u00e9 de Luxembourg. CIT Red entend capitaliser sur l\u2019expertise de CIT Blaton pour offrir des b\u00e2timents durables au meilleur prix. Nos clients b\u00e9n\u00e9ficient du service d\u2019un op\u00e9rateur global (int\u00e9gration verticale : consultance en engineering, entreprise de construction, structure de d\u00e9veloppement immobilier).<\/p>\n<p>[\/vc_column_text]<div class=\"grve-empty-space mobile-hide\" style=\"height: 45px;\"><\/div><div class=\"grve-element grve-image mobile-hide grve-align-center\" style=\"\">  <div class=\"grve-image-wrapper\"><img width=\"1\" height=\"290\" src=\"https:\/\/citred.be\/wp-content\/uploads\/2020\/09\/line-grey-290.png\" class=\"attachment-full size-full\" alt=\"\" loading=\"lazy\" \/>   <\/div><\/div>[\/vc_column][vc_column width=\u00a0\u00bb1\/4&Prime; tablet_sm_width=\u00a0\u00bbhide\u00a0\u00bb mobile_width=\u00a0\u00bbhide\u00a0\u00bb]<div class=\"grve-element grve-image men-fill grve-align-right\" style=\"\">  <div class=\"grve-image-wrapper\"><img width=\"200\" height=\"900\" src=\"https:\/\/citred.be\/wp-content\/uploads\/2020\/09\/men-2-900x200x2.png\" class=\"attachment-full size-full\" alt=\"\" loading=\"lazy\" \/>   <\/div><\/div>[\/vc_column][\/vc_row][vc_row heading_color=\u00a0\u00bblight\u00a0\u00bb bg_type=\u00a0\u00bbcolor\u00a0\u00bb padding_top_multiplier=\u00a0\u00bb\u00a0\u00bb padding_bottom_multiplier=\u00a0\u00bb3x\u00a0\u00bb equal_column_height=\u00a0\u00bbequal-column\u00a0\u00bb bg_color=\u00a0\u00bb#084790&Prime; font_color=\u00a0\u00bb#ffffff\u00a0\u00bb][vc_column width=\u00a0\u00bb7\/12&Prime; tablet_sm_width=\u00a0\u00bb2-3&Prime;]<div class=\"grve-empty-space\" style=\"height: 130px;\"><\/div><h2 class=\"grve-element grve-title grve-align-left grve-h3 medium-title grve-increase-heading grve-heading-120\" style=\"\"><span>Structure de notre groupe<\/span><\/h2><div class=\"grve-empty-space\" style=\"height: 50px;\"><\/div>[vc_column_text text_style=\u00a0\u00bbsubtitle\u00a0\u00bb]CIT Red est la filiale de promotion immobili\u00e8re du groupe CIT, qui regroupe toutes les activit\u00e9s li\u00e9es \u00e0 l\u2019art de construire. CIT Blaton et CBL pour les activit\u00e9s de construction g\u00e9n\u00e9rale respectivement en Belgique et au Grand-Duch\u00e9 de Luxembourg. Ces branches d\u2019activit\u00e9s sont \u00e9troitement li\u00e9es afin de r\u00e9pondre \u00e0 toutes les demandes.[\/vc_column_text]<div class=\"grve-element grve-align-left\"><a href=\"https:\/\/www.citblaton.be\/fr\/qui-sommes-nous-0\" target=\"_blank\" rel=\"noopener noreferrer\" class=\"grve-btn grve-btn-medium grve-square grve-bg-primary-1 grve-bg-hover-black small-cta\"><span>Lire la suite<\/span><\/a><\/div><div class=\"grve-empty-space mobile-hide\" style=\"height: 100px;\"><\/div><div class=\"grve-empty-space\" style=\"height: 50px;\"><\/div>[\/vc_column][vc_column width=\u00a0\u00bb1\/12&Prime; tablet_sm_width=\u00a0\u00bbhide\u00a0\u00bb mobile_width=\u00a0\u00bbhide\u00a0\u00bb][\/vc_column][vc_column width=\u00a0\u00bb1\/3&Prime;]<div class=\"grve-empty-space mobile-hide\" style=\"height: 130px;\"><\/div><div class=\"grve-element grve-image grve-align-center\" style=\"\">  <div class=\"grve-image-wrapper\"><img width=\"812\" height=\"656\" src=\"https:\/\/citred.be\/wp-content\/uploads\/2020\/09\/Rectangle-52.jpg\" class=\"attachment-full size-full\" alt=\"\" loading=\"lazy\" srcset=\"https:\/\/citred.be\/wp-content\/uploads\/2020\/09\/Rectangle-52.jpg 812w, https:\/\/citred.be\/wp-content\/uploads\/2020\/09\/Rectangle-52-300x242.jpg 300w, https:\/\/citred.be\/wp-content\/uploads\/2020\/09\/Rectangle-52-768x620.jpg 768w\" sizes=\"(max-width: 812px) 100vw, 812px\" \/>   <\/div><\/div><div class=\"grve-empty-space\" style=\"height: 100px;\"><\/div>[\/vc_column][\/vc_row][vc_row padding_top_multiplier=\u00a0\u00bb\u00a0\u00bb padding_bottom_multiplier=\u00a0\u00bb\u00a0\u00bb][vc_column width=\u00a0\u00bb7\/12&Prime; tablet_sm_width=\u00a0\u00bb1&Prime;]<div class=\"grve-empty-space mobile-hide\" style=\"height: 30px;\"><\/div><div class=\"grve-empty-space\" style=\"height: 90px;\"><\/div><h2 class=\"grve-element grve-title grve-align-left grve-animated-item grve-duration-fast grve-fade-in-left grve-h3 medium-title red-title\" style=\"\" data-delay=\"50\"><span>Nos valeurs<\/span><\/h2><div class=\"grve-empty-space\" style=\"height: 50px;\"><\/div>[vc_column_text text_style=\u00a0\u00bbsubtitle\u00a0\u00bb animation=\u00a0\u00bbgrve-fade-in-left\u00a0\u00bb animation_delay=\u00a0\u00bb150&Prime; animation_duration=\u00a0\u00bbfast\u00a0\u00bb]Chez CIT Red, nous d\u00e9veloppons vos r\u00eaves. Notre objectif est d\u2019offrir des b\u00e2timents et des services \u00e0 un bon rapport qualit\u00e9-prix.<\/p>\n<p>L\u2019innovation est notre fer de lance et notre regard se tourne r\u00e9solument vers le progr\u00e8s et l\u2019avenir.<br \/>\nNotre capacit\u00e9 \u00e0 innover constamment dans nos b\u00e2timents et services est le reflet de notre engagement en faveur du d\u00e9veloppement durable.<\/p>\n<p>L\u2019\u00e9thique est un autre pilier sur lequel nous b\u00e2tissons notre r\u00e9putation depuis 150 ans.<\/p>\n<p>Le respect du d\u00e9veloppement durable repr\u00e9sente pour nous une priorit\u00e9 et dicte nos choix au quotidien. Nous produisons des biens et services durables en mettant l\u2019accent sur la qualit\u00e9 architecturale, le choix et l\u2019excellence des mat\u00e9riaux sans oublier leur durabilit\u00e9 et leur capacit\u00e9 \u00e0 s\u2019adapter et \u00e0 s\u2019int\u00e9grer dans l\u2019environnement.<\/p>\n<p><strong>INNOVATION<\/strong><\/p>\n<p><strong>DURABILIT\u00c9<\/strong><\/p>\n<p><strong>\u00c9THIQUE<\/strong><\/p>\n<p><strong>CULTURE DE L\u2019EXCELLENCE<\/strong>[\/vc_column_text]<div class=\"grve-empty-space mobile-hide\" style=\"height: 150px;\"><\/div><div class=\"grve-empty-space\" style=\"height: 90px;\"><\/div>[\/vc_column][vc_column width=\u00a0\u00bb5\/12&Prime; tablet_sm_width=\u00a0\u00bbhide\u00a0\u00bb mobile_width=\u00a0\u00bbhide\u00a0\u00bb][\/vc_column][\/vc_row][vc_row padding_top_multiplier=\u00a0\u00bb\u00a0\u00bb padding_bottom_multiplier=\u00a0\u00bb\u00a0\u00bb el_class=\u00a0\u00bbred-line\u00a0\u00bb][vc_column]<div class=\"grve-empty-space mobile-hide\" style=\"height: 55px;\"><\/div><div class=\"grve-empty-space\" style=\"height: 60px;\"><\/div><h2 class=\"grve-element grve-title grve-align-left grve-animated-item grve-duration-fast grve-fade-in-left grve-h3 medium-title red-title\" style=\"\" data-delay=\"0\"><span>Notre \u00e9quipe<\/span><\/h2><div class=\"grve-empty-space\" style=\"height: 50px;\"><\/div>[vc_row_inner el_class=\u00a0\u00bbteams\u00a0\u00bb][vc_column_inner width=\u00a0\u00bb1\/3&Prime; tablet_sm_width=\u00a0\u00bb1&Prime;]<div class=\"grve-element grve-image grve-align-left\" style=\"\">  <div class=\"grve-image-wrapper\"><img width=\"195\" height=\"259\" src=\"https:\/\/citred.be\/wp-content\/uploads\/2024\/07\/Jonathan-De-Pessemier-cropped.png\" class=\"attachment-full size-full\" alt=\"\" loading=\"lazy\" \/>   <\/div><\/div><h3 class=\"grve-element grve-title grve-align-left grve-h3 blue-title\" style=\"\"><span>Laurent Malard<\/span><\/h3><h4 class=\"grve-element grve-title grve-align-left grve-h4 red-title\" style=\"\"><span>Directeur<\/span><\/h4>[vc_column_text text_style=\u00a0\u00bbsubtitle\u00a0\u00bb el_class=\u00a0\u00bbblack-title\u00a0\u00bb]<em>*Repr\u00e9sentant de la SRL Laurel\u2019s<\/em>[\/vc_column_text]<div class=\"grve-empty-space\" style=\"height: 15px;\"><\/div>[vc_column_text text_style=\u00a0\u00bbsubtitle\u00a0\u00bb]<a href=\"mailto:lma@citred.be\">lma@citred.be<\/a><br \/>\n<a href=\"tel:0032473925908\">+32 473 92 59 08<\/a>[\/vc_column_text]<div class=\"grve-empty-space\" style=\"height: 75px;\"><\/div>[\/vc_column_inner][vc_column_inner width=\u00a0\u00bb1\/3&Prime; tablet_sm_width=\u00a0\u00bb1&Prime;]<div class=\"grve-element grve-image grve-align-left\" style=\"\">  <div class=\"grve-image-wrapper\"><img width=\"195\" height=\"259\" src=\"https:\/\/citred.be\/wp-content\/uploads\/2020\/11\/Jonathan-De-Pessemier.jpg\" class=\"attachment-full size-full\" alt=\"\" loading=\"lazy\" \/>   <\/div><\/div><h3 class=\"grve-element grve-title grve-align-left grve-h3 blue-title\" style=\"\"><span>Jonathan de Pessemier<\/span><\/h3><h4 class=\"grve-element grve-title grve-align-left grve-h4 red-title\" style=\"\"><span>Senior project manager<\/span><\/h4>[vc_column_text text_style=\u00a0\u00bbsubtitle\u00a0\u00bb el_class=\u00a0\u00bbblack-title\u00a0\u00bb]<em>*Repr\u00e9sentant de la SRL Alc\u00f4ve<\/em>[\/vc_column_text]<div class=\"grve-empty-space\" style=\"height: 15px;\"><\/div>[vc_column_text text_style=\u00a0\u00bbsubtitle\u00a0\u00bb]<a href=\"mailto:jdp@citred.be\">jdp@citred.be<\/a><br \/>\n<a href=\"tel:0032473937884\">+32 473 93 78 84<\/a>[\/vc_column_text]<div class=\"grve-empty-space\" style=\"height: 75px;\"><\/div>[\/vc_column_inner][\/vc_row_inner]<div class=\"grve-empty-space mobile-hide\" style=\"height: 55px;\"><\/div><div class=\"grve-empty-space mobile-hide\" style=\"height: 55px;\"><\/div>[\/vc_column][\/vc_row][vc_row padding_top_multiplier=\u00a0\u00bb\u00a0\u00bb padding_bottom_multiplier=\u00a0\u00bb\u00a0\u00bb el_class=\u00a0\u00bbdirectors\u00a0\u00bb][vc_column width=\u00a0\u00bb7\/12&Prime; tablet_sm_width=\u00a0\u00bb1&Prime;]<h3 class=\"grve-element grve-title grve-align-left grve-h2 red-title\" style=\"\"><span>Conseil d&rsquo;administration<\/span><\/h3><div class=\"grve-empty-space mobile-hide\" style=\"height: 5px;\"><\/div><div class=\"grve-empty-space\" style=\"height: 15px;\"><\/div><h4 class=\"grve-element grve-title grve-align-left grve-h4 blue-title\" style=\"\"><span>Vincent Doumier<\/span><\/h4>[vc_column_text text_style=\u00a0\u00bbsubtitle\u00a0\u00bb]<em>Pr\u00e9sident du conseil d\u2019administration, repr\u00e9sentant de la SRL Vincent Doumier<\/em>[\/vc_column_text]<h4 class=\"grve-element grve-title grve-align-left grve-h4 blue-title\" style=\"\"><span>Agn\u00e8s de Liedekerke Beaufort<\/span><\/h4>[vc_column_text text_style=\u00a0\u00bbsubtitle\u00a0\u00bb]<em>Repr\u00e9sentante de la SA Immo-Stone<\/em>[\/vc_column_text]<div class=\"grve-empty-space\" style=\"height: 15px;\"><\/div><h4 class=\"grve-element grve-title grve-align-left grve-h4 blue-title\" style=\"\"><span>Michel Blaton<\/span><\/h4><div class=\"grve-empty-space\" style=\"height: 15px;\"><\/div><h4 class=\"grve-element grve-title grve-align-left grve-h4 blue-title\" style=\"\"><span>Sophie Le Clerq<\/span><\/h4><div class=\"grve-empty-space\" style=\"height: 15px;\"><\/div><h4 class=\"grve-element grve-title grve-align-left grve-h4 blue-title\" style=\"\"><span>Eric Doff-Sota<\/span><\/h4>[vc_column_text text_style=\u00a0\u00bbsubtitle\u00a0\u00bb]<em>Repr\u00e9sentant de la SRL Coreman <\/em>[\/vc_column_text]<h4 class=\"grve-element grve-title grve-align-left grve-h4 blue-title\" style=\"\"><span>Marc-Andr\u00e9 Gennart<\/span><\/h4>[vc_column_text text_style=\u00a0\u00bbsubtitle\u00a0\u00bb]<em>Repr\u00e9sentant de la SRL Visium MV<\/em>[\/vc_column_text]<div class=\"grve-empty-space mobile-hide\" style=\"height: 25px;\"><\/div><div class=\"grve-empty-space empty-directors\" style=\"height: 95px;\"><\/div>[\/vc_column][vc_column width=\u00a0\u00bb5\/12&Prime; tablet_sm_width=\u00a0\u00bbhide\u00a0\u00bb mobile_width=\u00a0\u00bbhide\u00a0\u00bb][\/vc_column][\/vc_row][vc_row heading_color=\u00a0\u00bblight\u00a0\u00bb bg_type=\u00a0\u00bbcolor\u00a0\u00bb padding_top_multiplier=\u00a0\u00bbcustom\u00a0\u00bb padding_bottom_multiplier=\u00a0\u00bb\u00a0\u00bb bg_color=\u00a0\u00bb#e51f2e\u00a0\u00bb font_color=\u00a0\u00bb#ffffff\u00a0\u00bb padding_top=\u00a0\u00bb40px\u00a0\u00bb el_class=\u00a0\u00bbmembers\u00a0\u00bb][vc_column width=\u00a0\u00bb1\/2&Prime; tablet_sm_width=\u00a0\u00bb1&Prime;]<h3 class=\"grve-element grve-title grve-align-left grve-h2\" style=\"\"><span>Adh\u00e9sions<\/span><\/h3><div class=\"grve-empty-space\" style=\"height: 20px;\"><\/div>[vc_column_text text_style=\u00a0\u00bbsubtitle\u00a0\u00bb]CIT Red est membre du SBA (Smart Buildings Alliance for smart cities) et de l\u2019UPSI (Union Professionnelle du Secteur Immobilier).[\/vc_column_text]<div class=\"grve-empty-space\" style=\"height: 80px;\"><\/div>[vc_row_inner el_class=\u00a0\u00bbmember-img\u00a0\u00bb][vc_column_inner mobile_width=\u00a0\u00bb1&Prime;]<div class=\"grve-element grve-image grve-align-left\" style=\"\">  <div class=\"grve-image-wrapper\"><img width=\"245\" height=\"300\" src=\"https:\/\/citred.be\/wp-content\/uploads\/2020\/09\/logo-upsi-bvs-245x300-1.jpg\" class=\"attachment-full size-full\" alt=\"\" loading=\"lazy\" \/>   <\/div><\/div><div class=\"grve-empty-space\" style=\"height: 80px;\"><\/div><div class=\"grve-element grve-image grve-align-left\" style=\"\">  <div class=\"grve-image-wrapper\"><img width=\"495\" height=\"300\" src=\"https:\/\/citred.be\/wp-content\/uploads\/2020\/09\/logo-sba-495x300-1.jpg\" class=\"attachment-full size-full\" alt=\"\" loading=\"lazy\" srcset=\"https:\/\/citred.be\/wp-content\/uploads\/2020\/09\/logo-sba-495x300-1.jpg 495w, https:\/\/citred.be\/wp-content\/uploads\/2020\/09\/logo-sba-495x300-1-300x182.jpg 300w\" sizes=\"(max-width: 495px) 100vw, 495px\" \/>   <\/div><\/div>[\/vc_column_inner][\/vc_row_inner]<div class=\"grve-empty-space mobile-hide\" style=\"height: 40px;\"><\/div><div class=\"grve-empty-space\" style=\"height: 25px;\"><\/div>[\/vc_column][vc_column width=\u00a0\u00bb1\/2&Prime; tablet_sm_width=\u00a0\u00bbhide\u00a0\u00bb mobile_width=\u00a0\u00bbhide\u00a0\u00bb][\/vc_column][\/vc_row]<\/p>\n","protected":false},"excerpt":{"rendered":"<p>[vc_row padding_top_multiplier=\u00a0\u00bbcustom\u00a0\u00bb padding_bottom_multiplier=\u00a0\u00bbcustom\u00a0\u00bb padding_top=\u00a0\u00bb110px\u00a0\u00bb padding_bottom=\u00a0\u00bb5px\u00a0\u00bb el_class=\u00a0\u00bbhome-projects title-project\u00a0\u00bb][vc_column][\/vc_column][\/vc_row][vc_row padding_top_multiplier=\u00a0\u00bb\u00a0\u00bb equal_column_height=\u00a0\u00bbequal-column\u00a0\u00bb][vc_column width=\u00a0\u00bb1\/4&Prime; tablet_sm_width=\u00a0\u00bbhide\u00a0\u00bb mobile_width=\u00a0\u00bbhide\u00a0\u00bb][\/vc_column][vc_column width=\u00a0\u00bb1\/2&Prime; tablet_sm_width=\u00a0\u00bb1&Prime; tablet_text_align=\u00a0\u00bbleft\u00a0\u00bb tablet_sm_text_align=\u00a0\u00bbleft\u00a0\u00bb mobile_text_align=\u00a0\u00bbleft\u00a0\u00bb][vc_column_text text_style=\u00a0\u00bbsubtitle\u00a0\u00bb] Fond\u00e9e en 2016, CIT Red (CIT Blaton Real Estate Development) est une soci\u00e9t\u00e9 de promotion immobili\u00e8re pr\u00e9sente dans tous les secteurs en Belgique et au Grand-Duch\u00e9 de Luxembourg. &nbsp; La soci\u00e9t\u00e9 est dirig\u00e9e par Laurent MALARD qui [&hellip;]<\/p>\n","protected":false},"author":5,"featured_media":0,"parent":0,"menu_order":0,"comment_status":"closed","ping_status":"closed","template":"","meta":[],"yoast_head":"<!-- This site is optimized with the Yoast SEO plugin v16.0.2 - https:\/\/yoast.com\/wordpress\/plugins\/seo\/ -->\n<title>\u00c0 propos - CIT RED<\/title>\n<link rel=\"canonical\" href=\"https:\/\/citred.be\/nl\/over_ons\/\" \/>\n<meta property=\"og:locale\" content=\"fr_FR\" \/>\n<meta property=\"og:type\" content=\"article\" \/>\n<meta property=\"og:title\" content=\"\u00c0 propos - CIT RED\" \/>\n<meta property=\"og:description\" content=\"[vc_row padding_top_multiplier=\u00a0\u00bbcustom\u00a0\u00bb padding_bottom_multiplier=\u00a0\u00bbcustom\u00a0\u00bb padding_top=\u00a0\u00bb110px\u00a0\u00bb padding_bottom=\u00a0\u00bb5px\u00a0\u00bb el_class=\u00a0\u00bbhome-projects title-project\u00a0\u00bb][vc_column][\/vc_column][\/vc_row][vc_row padding_top_multiplier=\u00a0\u00bb\u00a0\u00bb equal_column_height=\u00a0\u00bbequal-column\u00a0\u00bb][vc_column width=\u00a0\u00bb1\/4&Prime; tablet_sm_width=\u00a0\u00bbhide\u00a0\u00bb mobile_width=\u00a0\u00bbhide\u00a0\u00bb][\/vc_column][vc_column width=\u00a0\u00bb1\/2&Prime; tablet_sm_width=\u00a0\u00bb1&Prime; tablet_text_align=\u00a0\u00bbleft\u00a0\u00bb tablet_sm_text_align=\u00a0\u00bbleft\u00a0\u00bb mobile_text_align=\u00a0\u00bbleft\u00a0\u00bb][vc_column_text text_style=\u00a0\u00bbsubtitle\u00a0\u00bb] Fond\u00e9e en 2016, CIT Red (CIT Blaton Real Estate Development) est une soci\u00e9t\u00e9 de promotion immobili\u00e8re pr\u00e9sente dans tous les secteurs en Belgique et au Grand-Duch\u00e9 de Luxembourg. &nbsp; La soci\u00e9t\u00e9 est dirig\u00e9e par Laurent MALARD qui [&hellip;]\" \/>\n<meta property=\"og:url\" content=\"https:\/\/citred.be\/nl\/over_ons\/\" \/>\n<meta property=\"og:site_name\" content=\"CIT RED\" \/>\n<meta property=\"article:modified_time\" content=\"2026-01-06T13:04:48+00:00\" \/>\n<meta name=\"twitter:card\" content=\"summary_large_image\" \/>\n<meta name=\"twitter:label1\" content=\"Dur\u00e9e de lecture est.\">\n\t<meta name=\"twitter:data1\" content=\"3 minutes\">\n<script type=\"application\/ld+json\" class=\"yoast-schema-graph\">{\"@context\":\"https:\/\/schema.org\",\"@graph\":[{\"@type\":\"WebSite\",\"@id\":\"https:\/\/citred.be\/#website\",\"url\":\"https:\/\/citred.be\/\",\"name\":\"CIT RED\",\"description\":\"\",\"potentialAction\":[{\"@type\":\"SearchAction\",\"target\":\"https:\/\/citred.be\/?s={search_term_string}\",\"query-input\":\"required name=search_term_string\"}],\"inLanguage\":\"fr-FR\"},{\"@type\":\"WebPage\",\"@id\":\"https:\/\/citred.be\/nl\/over_ons\/#webpage\",\"url\":\"https:\/\/citred.be\/nl\/over_ons\/\",\"name\":\"\\u00c0 propos - CIT RED\",\"isPartOf\":{\"@id\":\"https:\/\/citred.be\/#website\"},\"datePublished\":\"2020-09-24T13:03:50+00:00\",\"dateModified\":\"2026-01-06T13:04:48+00:00\",\"breadcrumb\":{\"@id\":\"https:\/\/citred.be\/nl\/over_ons\/#breadcrumb\"},\"inLanguage\":\"fr-FR\",\"potentialAction\":[{\"@type\":\"ReadAction\",\"target\":[\"https:\/\/citred.be\/nl\/over_ons\/\"]}]},{\"@type\":\"BreadcrumbList\",\"@id\":\"https:\/\/citred.be\/nl\/over_ons\/#breadcrumb\",\"itemListElement\":[{\"@type\":\"ListItem\",\"position\":1,\"item\":{\"@type\":\"WebPage\",\"@id\":\"https:\/\/citred.be\/fr\/\",\"url\":\"https:\/\/citred.be\/fr\/\",\"name\":\"Home\"}},{\"@type\":\"ListItem\",\"position\":2,\"item\":{\"@type\":\"WebPage\",\"@id\":\"https:\/\/citred.be\/nl\/over_ons\/\",\"url\":\"https:\/\/citred.be\/nl\/over_ons\/\",\"name\":\"\\u00c0 propos\"}}]}]}<\/script>\n<!-- \/ Yoast SEO plugin. -->","_links":{"self":[{"href":"https:\/\/citred.be\/fr\/wp-json\/wp\/v2\/pages\/1686"}],"collection":[{"href":"https:\/\/citred.be\/fr\/wp-json\/wp\/v2\/pages"}],"about":[{"href":"https:\/\/citred.be\/fr\/wp-json\/wp\/v2\/types\/page"}],"author":[{"embeddable":true,"href":"https:\/\/citred.be\/fr\/wp-json\/wp\/v2\/users\/5"}],"replies":[{"embeddable":true,"href":"https:\/\/citred.be\/fr\/wp-json\/wp\/v2\/comments?post=1686"}],"version-history":[{"count":18,"href":"https:\/\/citred.be\/fr\/wp-json\/wp\/v2\/pages\/1686\/revisions"}],"predecessor-version":[{"id":2177,"href":"https:\/\/citred.be\/fr\/wp-json\/wp\/v2\/pages\/1686\/revisions\/2177"}],"wp:attachment":[{"href":"https:\/\/citred.be\/fr\/wp-json\/wp\/v2\/media?parent=1686"}],"curies":[{"name":"wp","href":"https:\/\/api.w.org\/{rel}","templated":true}]}}